{"id":1226,"date":"2016-04-14T20:20:11","date_gmt":"2016-04-14T20:20:11","guid":{"rendered":"http:\/\/www.kinesiologiaestetica.cl\/web\/?page_id=1226"},"modified":"2016-07-15T13:21:02","modified_gmt":"2016-07-15T13:21:02","slug":"onicomicosis","status":"publish","type":"page","link":"https:\/\/www.kinesiologiaestetica.cl\/web\/onicomicosis\/","title":{"rendered":"ONICOMICOSIS (hongos u\u00f1as)"},"content":{"rendered":"<p>[et_pb_section][et_pb_row][et_pb_column type=\u00bb3_4&#8243;][et_pb_text admin_label=\u00bbTexto\u00bb background_layout=\u00bblight\u00bb text_orientation=\u00bbleft\u00bb]<\/p>\n<header class=\"entry-header page-header\">\n<h1 class=\"entry-title\" style=\"text-align: center;\"><span style=\"color: #3366ff;\">Onicomicosis (Hongos en las u\u00f1as)<\/span><\/h1>\n<\/header>\n<div class=\"entry-content\">\n<h4 class=\"txt01\" align=\"left\"><span style=\"color: #3366ff;\"><strong>\u00bfQu\u00e9 son los hongos de los pies?<\/strong><\/span><\/h4>\n<p class=\"txt01\" align=\"left\"><span class=\"txt02\">La infecci\u00f3n con hongos en las u\u00f1as (onicomicosis) es un problema muy com\u00fan.\u00a0<\/span>Se cree que entre el 5 y 10 % de la poblaci\u00f3n mundial sufre este problema.<\/p>\n<p class=\"txt01\" align=\"left\">Afecta m\u00e1s a los hombres que a las mujeres, y es m\u00e1s com\u00fan a medida que uno va envejeciendo. Las u\u00f1as afectadas por los hongos se vuelven feas y desagradables. Se vuelven m\u00e1s gruesas y escamosas adem\u00e1s de adquirir coloraciones variadas dependiendo del tipo de hongo que las ha atacado. La u\u00f1a se puede volver amarilla, marr\u00f3n, verde, blanca o incluso negra. Se suele volver dura, dif\u00edcil de cortar y se despega de su base en su borde\u00a0libre\u00a0incomodando el uso de calzado. En algunos casos, los restos\u00a0se acumulan por debajo de la u\u00f1a, produciendo\u00a0olor desagradable.<\/p>\n<p class=\"txt01\" align=\"left\">A pesar que la infecci\u00f3n de las u\u00f1as por hongos\u00a0pueda\u00a0parecer un problema puramente est\u00e9tico, cuando las u\u00f1as se vuelven francamente desagradables a la vista, puede llevar a una disminuci\u00f3n notable en la autoestima del paciente.<\/p>\n<p class=\"txt01\" align=\"left\">Puede volverse doloroso al utilizar calzados y pueden desarrollarse u\u00f1as encarnadas que dificultan el corte de las mismas.<\/p>\n<h4 class=\"txt01\" align=\"left\"><span style=\"color: #3366ff;\"><strong>\u00bfQu\u00e9 causa los hongos de las u\u00f1as?<\/strong><\/span><\/h4>\n<p align=\"left\">Las infecciones de las u\u00f1as causadas por hongos muchas veces est\u00e1n causadas por el da\u00f1o\u00a0en el\u00a0lecho ungueal,\u00a0en el extremo de la u\u00f1a. La infecci\u00f3n de la piel conocida como Pie de atleta que es muy com\u00fan en los dedos puede invadir la u\u00f1a causando la infecci\u00f3n.<\/p>\n<p align=\"left\">M\u00e1s del 30% de los pacientes con infecciones en las u\u00f1as tambi\u00e9n suelen tener alg\u00fan grado de infecci\u00f3n en la piel. Los hongos prosperan en las condiciones que encuentran dentro del calzado, calor, humedad y ambiente cerrado que se produce dentro del zapato cerrado. Este ambiente calido y h\u00famedo es ideal para el crecimiento de los hongos. Las infecciones mic\u00f3ticas est\u00e1n causadas principalmente por hongos llamados Dermatofitos, pero tambi\u00e9n\u00a0la Candida\u00a0y otros tipos de levaduras y musgos que crecen en estas condiciones. El dermatofito llamado Tricophytum Rubrum,\u00a0es el responsable de cerca del 90% de las infecciones en las u\u00f1as.<\/p>\n<p align=\"left\">Los factores que aumentan el riesgo de infecciones en las u\u00f1as son:<\/p>\n<ul>\n<li>Da\u00f1o en la u\u00f1a o comerse las u\u00f1as.<\/li>\n<li>Condiciones m\u00e9dicas como\u00a0la Diabetes, Psoriasis, o Debilidad del sistema inmune.<\/li>\n<li>Tabaquismo<\/li>\n<li>Mal estado de salud en general.<\/li>\n<li>Actividades de riesgo que implican traumatismo en las u\u00f1as y uso continuo de guantes de cocina.<\/li>\n<li>Compartir vestuarios o duchas publicas<\/li>\n<li>Correr o hacer deportes con calzado inadecuado.<\/li>\n<\/ul>\n<p align=\"left\">Condiciones m\u00e8dicas serias como\u00a0la\u00a0Diabetes\u00a0y la mala circulaci\u00f3n pueden crear las condiciones para la aparici\u00f3n de infecciones secundarias producidas por bacterias.<\/p>\n<p align=\"left\">Los hongos pueden desarrollarse cuando los pies se mantienen h\u00famedos y tibios por la presencia de calzados durante tiempos prolongados. El uso de toallas h\u00famedas, la higiene personal incorrecta de los pies, caminar sobre superficies contaminadas y el uso de instrumentos o equipos de pedicuria mal esterilizados son otras formas de contraer la infecci\u00f3n por hongos.<\/p>\n<p align=\"left\">Se estima que 5 al 10 % de los adultos y cerca de la mitad de los mayores de 70 a\u00f1os o mayores sufren infecciones por hongos en sus u\u00f1as.<\/p>\n<p align=\"left\"><span style=\"color: #3366ff;\"><strong>\u00bf<\/strong><strong>C<\/strong><strong>\u00f3<\/strong><strong>mo s\u00e9 que tengo micosis en las u\u00f1as?<\/strong><\/span><\/p>\n<p align=\"left\">En la mayor\u00eda de los casos el diagn\u00f3stico se hace luego de una\u00a0 inspecci\u00f3n de la u\u00f1a afectada. Ciertos cambios en las caracter\u00edsticas como de color marr\u00f3n, amarillo, blanco o naranja y el engrosamiento y la descamaci\u00f3n de la u\u00f1a son altamente indicativos del diagn\u00f3stico. La u\u00f1a frecuentemente muestra l\u00edneas longitudinales hipopigmentadas que se extienden del borde hacia la base de la u\u00f1a.<\/p>\n<p align=\"left\">En caso de dudas, una biopsia de la u\u00f1a puede ser enviada para cultivo en algunos casos para confirmar diagnostico.<\/p>\n<p align=\"left\"><span style=\"color: #3366ff;\"><strong>C\u00f3mo prevengo la micosis de las u\u00f1as?<\/strong><\/span><\/p>\n<ul>\n<li>Tenga cuidado en las zonas publicas, vestuarios y piscinas. Utilice ojotas, seque bien sus pies y apl\u00edquese el antif\u00fangico antes de colocarse de nuevo las medias y los zapatos.<\/li>\n<li>Evite la oclusi\u00f3n, deje que sus pies respiren. Rote sus zapatos y\u00a0para evitar utilizarlos en d\u00edas consecutivos.<\/li>\n<li>Mantenga sus u\u00f1as cortas y limpias.<\/li>\n<li>Procure utilizar medias del algod\u00f3n o de fibra natural y zapatos respirables de cuero.<\/li>\n<li>Para los que presentan risego deben utilizar el antif\u00fangico a diario o semanalmente como\u00a0m\u00ednimo.<\/li>\n<\/ul>\n<h4 align=\"left\"><span style=\"color: #3366ff;\"><strong>\u00bfPor qu\u00e9 utilizar L\u00e1ser?<\/strong><\/span><\/h4>\n<p align=\"left\">Uno de los principales problemas de los tratamientos no laser es que no funcionan en todos los casos, toman mucho tiempo o pueden tener efectos secundarios.<\/p>\n<p align=\"left\">El tratamiento con Laser\u00a0 puede requerir tan solo una sesi\u00f3n que dura menos de una hora. Se ha demostrado que es seguro y no produce ning\u00fan efecto secundario y no requiere medicaci\u00f3n por v\u00eda oral. Su objetivo directo es el hongo y la u\u00f1a.<\/p>\n<p align=\"left\">No hay necesidad de\u00a0analg\u00e9sicos\u00a0durante ni despu\u00e9s del tratamiento. El procedimiento ha conseguido efectividad mayor al 88% en estudios y despu\u00e9s de una a\u00f1o de tratamiento en USA, y esta proporci\u00f3n de \u00e9xito ha sido confirmada luego de tratar muchos miles de pacientes exitosamente.<\/p>\n<p align=\"left\">El tratamiento se aplica a toda la u\u00f1a, y en el lecho ungueal para asegurar que todas las fuentes de infecci\u00f3n han sido tratadas.<\/p>\n<h4 align=\"left\"><span style=\"color: #3366ff;\"><strong>\u00bfQu\u00e9 esperar del tratamiento?<\/strong><\/span><\/h4>\n<p align=\"left\">Los pacientes deben realizar una evaluaci\u00f3n en la que se inspeccionaran sus pies y en particular sus u\u00f1as, discutiremos el tratamiento y le daremos tiempo suficiente para cualquier pregunta que tenga. Si usted esta de acuerdo con el presupuesto se puede iniciar el tratamiento con LASER\u00a0en el d\u00eda de la consulta. No es una obligaci\u00f3n realizarse el procedimiento y no habr\u00e1 ning\u00fan costo si decide no tratarse. Nosotros tambi\u00e9n podremos darle una cita si desea realizarse el procedimiento en una fecha posterior.<\/p>\n<p align=\"left\">Luego se aplica el Laser \u00a0en cada u\u00f1a y la piel circundante, cubriendo mil\u00edmetro a mil\u00edmetro. Esto puede tomar 45 minutos aproximadamente. El tratamiento usualmente no es doloroso y en ocasiones hay sensaci\u00f3n de calor. Ser\u00e1 necesario que le coloquemos unos anteojos para la protecci\u00f3n ocular durante el procedimiento.<\/p>\n<p align=\"left\">Le explicaremos los m\u00e9todos de prevenci\u00f3n para evitar una reinfecci\u00f2n. Para mucha gente sugerimos el uso de cremas o sprays\u00a0diariamente o luego de practicar deportes y as\u00ed reducir las posibilidades de una futura infecci\u00f3n f\u00fangica recidivante. Los zapatos proveen un ambiente oscuro, calido y h\u00famedo para los hongos y para aquellos pacientes predispuestos a estas clases de infecciones un buen cuidado a largo plazo es esencial.<\/p>\n<p align=\"left\">Las siguientes sesiones se realizaran como m\u00ednimo una semana despu\u00e9s de la primera sesi\u00f3n hasta completar 6 sesiones.<\/p>\n<p align=\"left\">Recuerde que las u\u00f1as de los pies crecen muy lentamente as\u00ed que puede tomar entre 8-12 meses y en algunas ocasiones de infecci\u00f3n severa un poco m\u00e1s para que termine de salir la u\u00f1a sana.<\/p>\n<p align=\"left\">En los Centros estaremos en contacto con usted a trav\u00e9s de todo el proceso\u00a0de su curaci\u00f3n\u00a0y estamos felices en atenderlo si tiene alguna pregunta o preocupaci\u00f3n.<\/p>\n<\/div>\n<p>[\/et_pb_text][\/et_pb_column][et_pb_column type=\u00bb1_4&#8243;][\/et_pb_column][\/et_pb_row][\/et_pb_section]<\/p>\n","protected":false},"excerpt":{"rendered":"<p><div class=\"et_pb_section et_pb_section_0 et_section_regular\" >\n\t\t\t\t\n\t\t\t\t\n\t\t\t\t\n\t\t\t\t\n\t\t\t\t\n\t\t\t\t\n\t\t\t\t\n\t\t\t\t\n\t\t\t\t\n\t\t\t<\/div><div class=\"et_pb_row et_pb_row_0 et_pb_row_empty\">\n\t\t\t\t\n\t\t\t\t\n\t\t\t\t\n\t\t\t\t\n\t\t\t\t\n\t\t\t<\/div> Onicomicosis (Hongos en las u\u00f1as) \u00bfQu\u00e9 son los hongos de los pies? La infecci\u00f3n con hongos en las u\u00f1as (onicomicosis) es un problema muy com\u00fan.\u00a0Se cree que entre el 5 y 10 % de la poblaci\u00f3n mundial sufre este problema. Afecta m\u00e1s a los hombres que a las mujeres, y es m\u00e1s com\u00fan a [&hellip;]<\/p>\n","protected":false},"author":3,"featured_media":0,"parent":0,"menu_order":0,"comment_status":"open","ping_status":"open","template":"","meta":{"_et_pb_use_builder":"on","_et_pb_old_content":"","_et_gb_content_width":"","footnotes":""},"class_list":["post-1226","page","type-page","status-publish","hentry"],"_links":{"self":[{"href":"https:\/\/www.kinesiologiaestetica.cl\/web\/wp-json\/wp\/v2\/pages\/1226","targetHints":{"allow":["GET"]}}],"collection":[{"href":"https:\/\/www.kinesiologiaestetica.cl\/web\/wp-json\/wp\/v2\/pages"}],"about":[{"href":"https:\/\/www.kinesiologiaestetica.cl\/web\/wp-json\/wp\/v2\/types\/page"}],"author":[{"embeddable":true,"href":"https:\/\/www.kinesiologiaestetica.cl\/web\/wp-json\/wp\/v2\/users\/3"}],"replies":[{"embeddable":true,"href":"https:\/\/www.kinesiologiaestetica.cl\/web\/wp-json\/wp\/v2\/comments?post=1226"}],"version-history":[{"count":4,"href":"https:\/\/www.kinesiologiaestetica.cl\/web\/wp-json\/wp\/v2\/pages\/1226\/revisions"}],"predecessor-version":[{"id":1303,"href":"https:\/\/www.kinesiologiaestetica.cl\/web\/wp-json\/wp\/v2\/pages\/1226\/revisions\/1303"}],"wp:attachment":[{"href":"https:\/\/www.kinesiologiaestetica.cl\/web\/wp-json\/wp\/v2\/media?parent=1226"}],"curies":[{"name":"wp","href":"https:\/\/api.w.org\/{rel}","templated":true}]}}