{"id":1776,"date":"2017-01-18T16:02:34","date_gmt":"2017-01-18T16:02:34","guid":{"rendered":"http:\/\/www.kinesiologiaestetica.cl\/web\/?page_id=1776"},"modified":"2020-06-12T19:18:11","modified_gmt":"2020-06-12T23:18:11","slug":"ondas-de-choque","status":"publish","type":"page","link":"https:\/\/www.kinesiologiaestetica.cl\/web\/ondas-de-choque\/","title":{"rendered":"Ondas de choque"},"content":{"rendered":"<p>[et_pb_section bb_built=\u00bb1&#8243; admin_label=\u00bbsection\u00bb][et_pb_row background_position=\u00bbtop_left\u00bb background_repeat=\u00bbrepeat\u00bb background_size=\u00bbinitial\u00bb][et_pb_column type=\u00bb4_4&#8243;][et_pb_code _builder_version=\u00bb3.20.1&#8243;]<iframe loading=\"lazy\" width=\"560\" height=\"315\" src=\"https:\/\/www.youtube.com\/embed\/gLE_5Hx_tLs\" frameborder=\"0\" allow=\"accelerometer; autoplay; encrypted-media; gyroscope; picture-in-picture\" allowfullscreen><\/iframe>[\/et_pb_code][\/et_pb_column][\/et_pb_row][et_pb_row][et_pb_column type=\u00bb1_3&#8243;][et_pb_image _builder_version=\u00bb3.20.1&#8243; src=\u00bbhttps:\/\/www.kinesiologiaestetica.cl\/web\/wp-content\/uploads\/2020\/06\/ondas-de-choque.jpeg\u00bb \/][et_pb_image src=\u00bbhttps:\/\/www.kinesiologiaestetica.cl\/web\/wp-content\/uploads\/2019\/03\/tratamiento-celulitis.jpg\u00bb show_in_lightbox=\u00bboff\u00bb url_new_window=\u00bboff\u00bb use_overlay=\u00bboff\u00bb animation=\u00bbleft\u00bb sticky=\u00bboff\u00bb align=\u00bbleft\u00bb force_fullwidth=\u00bboff\u00bb always_center_on_mobile=\u00bbon\u00bb use_border_color=\u00bboff\u00bb border_color=\u00bb#ffffff\u00bb border_style=\u00bbsolid\u00bb animation_style=\u00bbslide\u00bb animation_duration=\u00bb500ms\u00bb animation_intensity_slide=\u00bb10%\u00bb animation_direction=\u00bbleft\u00bb show_bottom_space=\u00bbon\u00bb _builder_version=\u00bb3.20.1&#8243;]<\/p>\n<p>[\/et_pb_image][\/et_pb_column][et_pb_column type=\u00bb2_3&#8243;][et_pb_text background_layout=\u00bblight\u00bb text_orientation=\u00bbleft\u00bb use_border_color=\u00bboff\u00bb border_color=\u00bb#ffffff\u00bb border_style=\u00bbsolid\u00bb background_position=\u00bbtop_left\u00bb background_repeat=\u00bbrepeat\u00bb background_size=\u00bbinitial\u00bb _builder_version=\u00bb3.20.1&#8243;]<\/p>\n<h3 style=\"text-align: center;\"><span style=\"color: #3366ff;\"><strong>ONDAS DE CHOQUE<\/strong><\/span><\/h3>\n<p style=\"text-align: justify;\">Durante los \u00faltimos a\u00f1os se han realizado varios ensayos cl\u00ednicos, por prestigiosos dermat\u00f3logos europeos y americanos, para comprobar la eficacia de las ondas de choque en la celulitis y fibrosis. <strong>Las Ondas de Choque obligan a los adipocitos (c\u00e9lulas grasas) a liberar triglic\u00e9ridos (gasas) y el adipocito recobra su estado inicial, adem\u00e1s produce aumento en el metabolismo de la zona, mejorando la microcirculaci\u00f3n sangu\u00ednea y linf\u00e1tica movilizando y liberando l\u00edquidos y grasas<\/strong><strong>.<\/strong><\/p>\n<p style=\"text-align: justify;\">Los resultados de los estudios confirman una mejor\u00eda muy significativa en la piel de naranja de las pacientes, una reducci\u00f3n en la circunferencia del muslo y la cadera, as\u00ed como mejor\u00eda en la elasticidad, firmeza y textura de la piel. En las ecograf\u00edas realizadas se ha detectado tambi\u00e9n una reducci\u00f3n del grosor de la capa grasa, un aumento del col\u00e1geno, una reducci\u00f3n del edema presente en los tejidos infiltrados por la celulitis y una mejor\u00eda de la circulaci\u00f3n.<\/p>\n<p>Las tecnolog\u00eda de ondas de choque ha sido ya aprobada por la FDA para el tratamiento de la celulitis.<\/p>\n<p style=\"text-align: justify;\"><strong><span style=\"color: #3366ff;\">\u00bfC\u00f3mo se aplican las ondas de choque y c\u00f3mo funcionan?<\/span><\/strong><br \/>Las ondas de choque se aplican directamente sobre la piel afectada, que es previamente acondicionada con un gel conductor de ultrasonidos.El aparato emisor genera ondas ac\u00fasticas de alta energ\u00eda que el paciente siente como una fuerte vibraci\u00f3n y que van destinadas a romper los septos fibrosos presentes en los tejidos infiltrados por la celulitis y que son los causantes del aspecto de la piel de naranja. Esta vibraci\u00f3n genera tambi\u00e9n una fuerte activaci\u00f3n de la circulaci\u00f3n y un importante drenaje de la zona, as\u00ed como una estimulaci\u00f3n del metabolismo de las c\u00e9lulas grasas, disminuyendo el tama\u00f1o de las mismas. Se estimula tambi\u00e9n la producci\u00f3n de col\u00e1geno, mejorando la elasticidad, firmeza y textura de la piel, observ\u00e1ndose un alisamiento y rejuvenecimiento de los tejidos tratados.<\/p>\n<p><span style=\"color: #3366ff;\"><strong>Las sesiones se agendan de la siguiente forma:<\/strong><\/span><\/p>\n<ol>\n<li>Puede ser 1 o 2 veces por semana.<\/li>\n<li>Cuando se agende 2 veces por semana, estas deben ser m\u00ednimo cada 72 horas.<\/li>\n<li>En general se requieren de 6 a 8 sesiones. Aunque se podr\u00edan necesitar m\u00e1s sesiones dependiendo del grado de fibrosis o celulitis.<\/li>\n<\/ol>\n<p><span style=\"color: #3366ff;\"><strong>Contraindicaciones absolutas (no se puede hacer la sesi\u00f3n)<\/strong><\/span><\/p>\n<ul>\n<li>Infecciones (bacterianas y\/o virales) o quemaduras en la zona a tratar<\/li>\n<li>Embarazo<\/li>\n<li>Tratamiento de tendones con riesgo de rotura<\/li>\n<li>Tratamiento de pacientes con trastornos de coagulaci\u00f3n (incluida la trombosis local).<\/li>\n<li>Tratamiento de pacientes tratados con anticoagulantes (no excluye los pacientes bajo efecto de antiagregantes).<\/li>\n<li>Tratamiento de pacientes tratados con cortisona.<\/li>\n<\/ul>\n<p><span style=\"color: #3366ff;\"><strong>Posibles efectos secundarios:<\/strong><\/span><\/p>\n<ul>\n<li>Malestar durante y despu\u00e9s del tratamiento (no es necesaria anestesia)<\/li>\n<li>Enrojecimiento de la piel (eritema)<\/li>\n<li>Estos posibles efectos secundarios, pero no graves generalmente desaparecen a m\u00e1s tardar dentro de 36 horas despu\u00e9s del tratamiento.<\/li>\n<\/ul>\n<h3 style=\"text-align: center;\"><strong><span style=\"color: #3366ff;\">PREGUNTAS FRECUENTES<\/span><\/strong><\/h3>\n<p><span style=\"color: #3366ff;\"><strong>\u00bfQue es la celulitis?<\/strong><\/span><\/p>\n<p style=\"text-align: justify;\">La celulitis se define como un trastorno metab\u00f3lico localizado del tejido subcut\u00e1neo.<\/p>\n<p style=\"text-align: justify;\">Su principal s\u00edntoma cl\u00ednico es una modificaci\u00f3n de la topograf\u00eda visible de la piel, que adquiere un aspecto irregular que seg\u00fan su grado va desde \u201cpiel de naranja\u201d hasta \u201choyuelos\u201d en muchos casos tambi\u00e9n la paciente puede referir dolor a la compresi\u00f3n o cuando esta mucho tiempo sentada. Se diagnostica por sus s\u00edntomas cl\u00ednicos. A nivel microsc\u00f3pico, la celulitis se presenta como una infiltraci\u00f3n de la grasa subcut\u00e1nea en el tejido conectivo fibroso, lo que hace que la piel adquiera el aspecto de una c\u00e1scara de naranja o una apariencia acolchada.<\/p>\n<p style=\"text-align: justify;\">Este trastorno se presenta principalmente en la zona p\u00e9lvica, los miembros inferiores y el abdomen de las mujeres post parto y se divide en cuatro etapas: La primera afecta a la microcirculaci\u00f3n de la piel, sin que se observen cambios en la superficie. Durante la segunda (fase de secreci\u00f3n), la vasodilataci\u00f3n lleva a una liberaci\u00f3n de l\u00edquidos al espacio extracelular, y la piel comienza a adoptar la textura denominada de \u00abpiel de naranja\u00bb. La tercera fase (etapa de proliferaci\u00f3n fibrosa) se caracteriza por un aumento de la cantidad y el tama\u00f1o de las c\u00e9lulas adiposas, que forman micron\u00f3dulos. Los tabiques hipod\u00e9rmicos se engrosan e inflaman. El aspecto esponjoso de la piel resulta manifiesto en posici\u00f3n yacente. La cuarta fase (etapa escler\u00f3tica) se puede considerar un agravamiento de la fase de proliferaci\u00f3n fibrosa, en la que los tabiques hipod\u00e9rmicos se endurecen e inflaman a\u00fan m\u00e1s. Las irregularidades, hoyuelos y abultamientos de la piel se perciben a simple vista.<\/p>\n<p style=\"text-align: justify;\">Las causas de la celulitis dependen de m\u00faltiples factores, entre los que destacan:<\/p>\n<p style=\"text-align: justify;\">1.- La predisposici\u00f3n gen\u00e9tica;<\/p>\n<p style=\"text-align: justify;\">2.- El sexo (incidencia muy superior en mujeres que en hombres);<\/p>\n<p style=\"text-align: justify;\">3.- La etnia (incidencia muy superior en mujeres cauc\u00e1sicas que en asi\u00e1ticas);<\/p>\n<p style=\"text-align: justify;\">4.- El estilo de vida (una dieta excesivamente rica en hidratos de carbono produce hiperinsulinemia y favorece la lipog\u00e9nesis; y el sedentarismo o el hecho de permanecer de pie prolongadamente pueden causar alteraciones en la microcirculaci\u00f3n de las \u00e1reas con tendencia a la celulitis); y<\/p>\n<p style=\"text-align: justify;\">5.- El embarazo.<\/p>\n<p style=\"text-align: justify;\">6.- Otros factores son: la vascularizaci\u00f3n localizada de tejidos, la influencia hormonal y los cambios postinflamatorios. Sin embargo, se desconocen en gran medida las diferencias reales entre la patofisiolog\u00eda de la celulitis y la grasa \u00abnormal\u00bb.<\/p>\n<p style=\"text-align: justify;\"><span style=\"color: #3366ff;\">\u00bf<strong>Una liposucci\u00f3n ayudar\u00e1 a reducir la celulitis?\u00a0<\/strong><\/span>Por ning\u00fan motivo la reduce, incluso muchas veces la incrementa ya que la c\u00e1nula genera mover la grasa y generar mayor inflamaci\u00f3n en la zona. Una liposucci\u00f3n solo ayuda a reducir cantidad de grasa, no celulitis.<\/p>\n<p style=\"text-align: justify;\"><span style=\"color: #3366ff;\"><strong>\u00bfQue es una fibrosis?\u00a0<\/strong><\/span>Un art\u00edculo publicado en el Journal of dermatology Sience define fibrosis como el proceso caracterizado por la cicatrizaci\u00f3n anormal de los tejidos.<\/p>\n<p style=\"text-align: justify;\"><strong><span style=\"color: #3366ff;\">Qu\u00e9 es la Fibrosis post liposucci\u00f3n?<\/span>\u00a0<\/strong>Es el endurecimiento que se presenta en el \u00e1rea de la cirug\u00eda en los primeros d\u00edas (P ej. despu\u00e9s de una Liposucci\u00f3n), tambi\u00e9n han llamado fibrosis a las zonas endurecidas en los diferentes momentos del post operatorio hasta\u00a0varios meses despu\u00e9s,\u00a0es edema de la inflamaci\u00f3n por el trauma de la cirug\u00eda, el cual va mejorando lentamente con o sin masajes, posteriormente quedan \u00e1reas localizadas endurecidas producto de la reducci\u00f3n del edema en forma irregular porque el cuerpo no desinflama uniformemente. Las \u00e1reas endurecidas que se presentan varios meses despu\u00e9s de la cirug\u00eda es una cicatrizaci\u00f3n anormal producida por el adelgazamiento excesivo de la capa de tejido graso de la piel y que al cicatrizar se adhiere a los tejidos profundos.<\/p>\n<p><span style=\"color: #3366ff;\"><strong>Si deseas agendar una hora de evaluaci\u00f3n GRATIS, no dudes en llamarnos a nuestros fonos o env\u00edanos tus datos llenando el formulario de contacto m\u00e1s abajo<\/strong><\/span><\/p>\n<h3><span style=\"color: #333399;\">S\u00edguenos en Facebook y podr\u00e1s saber de todas nuestras ofertas<\/span><\/h3>\n<p>[\/et_pb_text][\/et_pb_column][\/et_pb_row][et_pb_row admin_label=\u00bbrow\u00bb background_position=\u00bbtop_left\u00bb background_repeat=\u00bbrepeat\u00bb background_size=\u00bbinitial\u00bb][et_pb_column type=\u00bb4_4&#8243;][et_pb_code _builder_version=\u00bb3.20.1&#8243;][product_page id=\u00bb43061&#8243;][\/et_pb_code][et_pb_social_media_follow link_shape=\u00bbrounded_rectangle\u00bb background_layout=\u00bblight\u00bb url_new_window=\u00bboff\u00bb follow_button=\u00bbon\u00bb border_radii=\u00bbon|3px|3px|3px|3px\u00bb][et_pb_social_media_follow_network social_network=\u00bbfacebook\u00bb url=\u00bbhttps:\/\/www.facebook.com\/kinesiologiaestetica.cl\/\u00bb skype_action=\u00bbcall\u00bb bg_color=\u00bb#3b5998&#8243;] Facebook [\/et_pb_social_media_follow_network][\/et_pb_social_media_follow][et_pb_text background_layout=\u00bblight\u00bb text_orientation=\u00bbleft\u00bb use_border_color=\u00bboff\u00bb border_color=\u00bb#ffffff\u00bb border_style=\u00bbsolid\u00bb background_position=\u00bbtop_left\u00bb background_repeat=\u00bbrepeat\u00bb background_size=\u00bbinitial\u00bb]<\/p>\n\n<div class=\"wpcf7 no-js\" id=\"wpcf7-f234-o1\" lang=\"es-ES\" dir=\"ltr\" data-wpcf7-id=\"234\">\n<div class=\"screen-reader-response\"><p role=\"status\" aria-live=\"polite\" aria-atomic=\"true\"><\/p> <ul><\/ul><\/div>\n<form action=\"\/web\/wp-json\/wp\/v2\/pages\/1776#wpcf7-f234-o1\" method=\"post\" class=\"wpcf7-form init f26ccef50a59 cmatic-conn cmatic-aud-5 cmatic-mapd0-0 cmatic-v0976 cmatic-sent-0 cmatic-total-0\" aria-label=\"Formulario de contacto\" novalidate=\"novalidate\" data-status=\"init\">\n<fieldset class=\"hidden-fields-container\"><input type=\"hidden\" name=\"_wpcf7\" value=\"234\" \/><input type=\"hidden\" name=\"_wpcf7_version\" value=\"6.1.5\" \/><input type=\"hidden\" name=\"_wpcf7_locale\" value=\"es_ES\" \/><input type=\"hidden\" name=\"_wpcf7_unit_tag\" value=\"wpcf7-f234-o1\" \/><input type=\"hidden\" name=\"_wpcf7_container_post\" value=\"0\" \/><input type=\"hidden\" name=\"_wpcf7_posted_data_hash\" value=\"\" \/><input type=\"hidden\" name=\"_wpcf7_recaptcha_response\" value=\"\" \/>\n<\/fieldset>\n<h4>Reserva de Hora On-Line\n<\/h4>\n<p>Su nombre (requerido)\n<\/p>\n<p><span class=\"wpcf7-form-control-wrap\" data-name=\"your-name\"><input size=\"40\" maxlength=\"400\" class=\"wpcf7-form-control wpcf7-text wpcf7-validates-as-required\" aria-required=\"true\" aria-invalid=\"false\" value=\"\" type=\"text\" name=\"your-name\" \/><\/span>\n<\/p>\n<p>Su e-mail (requerido)\n<\/p>\n<p><span class=\"wpcf7-form-control-wrap\" data-name=\"your-email\"><input size=\"40\" maxlength=\"400\" class=\"wpcf7-form-control wpcf7-email wpcf7-validates-as-required wpcf7-text wpcf7-validates-as-email\" aria-required=\"true\" aria-invalid=\"false\" value=\"\" type=\"email\" name=\"your-email\" \/><\/span>\n<\/p>\n<p>Tel\u00e9fono (requerido)\n<\/p>\n<p><span class=\"wpcf7-form-control-wrap\" data-name=\"your-subject\"><input size=\"40\" maxlength=\"400\" class=\"wpcf7-form-control wpcf7-text wpcf7-validates-as-required\" aria-required=\"true\" aria-invalid=\"false\" value=\"\" type=\"text\" name=\"your-subject\" \/><\/span>\n<\/p>\n<p>Fecha de Reserva (requerido)\n<\/p>\n<p><span class=\"wpcf7-form-control-wrap\" data-name=\"date-426\"><input class=\"wpcf7-form-control wpcf7-date wpcf7-validates-as-required wpcf7-validates-as-date\" aria-required=\"true\" aria-invalid=\"false\" value=\"Fecha\" type=\"date\" name=\"date-426\" \/><\/span>\n<\/p>\n<p>Hora de Reserva (requerido)\n<\/p>\n<p><span class=\"wpcf7-form-control-wrap\" data-name=\"menu-48\"><select class=\"wpcf7-form-control wpcf7-select wpcf7-validates-as-required\" aria-required=\"true\" aria-invalid=\"false\" name=\"menu-48\"><option value=\"10:00 a 11:00 hrs\">10:00 a 11:00 hrs<\/option><option value=\"11:00 a 12:00 hrs\">11:00 a 12:00 hrs<\/option><option value=\"12:00 a 13:00 hrs\">12:00 a 13:00 hrs<\/option><option value=\"13:00 a 14:00 hrs\">13:00 a 14:00 hrs<\/option><option value=\"14:00 a 15:00 hrs\">14:00 a 15:00 hrs<\/option><option value=\"15:00 a 16:00 hrs\">15:00 a 16:00 hrs<\/option><option value=\"16:00 a 17:00 hrs\">16:00 a 17:00 hrs<\/option><option value=\"17:00 a 18:00 hrs\">17:00 a 18:00 hrs<\/option><option value=\"18:00 a 19:00 hrs\">18:00 a 19:00 hrs<\/option><option value=\"19:00 a 20:00 hrs\">19:00 a 20:00 hrs<\/option><\/select><\/span>\n<\/p>\n<p>Sucursal\n<\/p>\n<p><span class=\"wpcf7-form-control-wrap\" data-name=\"recipient\"><select class=\"wpcf7-form-control wpcf7-select wpcf7-validates-as-required\" aria-required=\"true\" aria-invalid=\"false\" name=\"recipient\"><option value=\"Calama\">Calama<\/option><option value=\"Antofagasta\">Antofagasta<\/option><option value=\"Copiap\u00f3\">Copiap\u00f3<\/option><option value=\"La Serena\">La Serena<\/option><option value=\"Santiago-Pe\u00f1alolen\">Santiago-Pe\u00f1alolen<\/option><option value=\"Santiago-Providencia\">Santiago-Providencia<\/option><option value=\"Santiago-Las Condes\">Santiago-Las Condes<\/option><option value=\"Puerto-Varas\">Puerto-Varas<\/option><option value=\"Vi\u00f1a del Mar\">Vi\u00f1a del Mar<\/option><option value=\"Concepci\u00f3n\">Concepci\u00f3n<\/option><\/select><\/span>\n<\/p>\n<p>Su mensaje\n<\/p>\n<p><span class=\"wpcf7-form-control-wrap\" data-name=\"your-message\"><textarea cols=\"40\" rows=\"10\" maxlength=\"2000\" class=\"wpcf7-form-control wpcf7-textarea\" aria-invalid=\"false\" name=\"your-message\"><\/textarea><\/span>\n<\/p>\n<center>\n\t<p><input class=\"wpcf7-form-control wpcf7-submit has-spinner\" type=\"submit\" value=\"Enviar\" \/>\n\t<\/p>\n<\/center><div class=\"wpcf7-response-output\" aria-hidden=\"true\"><\/div>\n<\/form>\n<\/div>\n\n<p>[\/et_pb_text][\/et_pb_column][\/et_pb_row][\/et_pb_section]<\/p>\n","protected":false},"excerpt":{"rendered":"<p><div class=\"et_pb_row et_pb_row_0 et_pb_row_empty\">\n\t\t\t\t\n\t\t\t\t\n\t\t\t\t\n\t\t\t\t\n\t\t\t\t\n\t\t\t<\/div> ONDAS DE CHOQUE Durante los \u00faltimos a\u00f1os se han realizado varios ensayos cl\u00ednicos, por prestigiosos dermat\u00f3logos europeos y americanos, para comprobar la eficacia de las ondas de choque en la celulitis y fibrosis. Las Ondas de Choque obligan a los adipocitos (c\u00e9lulas grasas) a liberar triglic\u00e9ridos (gasas) y el adipocito recobra su estado inicial, [&hellip;]<\/p>\n","protected":false},"author":3,"featured_media":0,"parent":0,"menu_order":0,"comment_status":"closed","ping_status":"closed","template":"","meta":{"_et_pb_use_builder":"on","_et_pb_old_content":"","_et_gb_content_width":"","footnotes":""},"class_list":["post-1776","page","type-page","status-publish","hentry"],"_links":{"self":[{"href":"https:\/\/www.kinesiologiaestetica.cl\/web\/wp-json\/wp\/v2\/pages\/1776","targetHints":{"allow":["GET"]}}],"collection":[{"href":"https:\/\/www.kinesiologiaestetica.cl\/web\/wp-json\/wp\/v2\/pages"}],"about":[{"href":"https:\/\/www.kinesiologiaestetica.cl\/web\/wp-json\/wp\/v2\/types\/page"}],"author":[{"embeddable":true,"href":"https:\/\/www.kinesiologiaestetica.cl\/web\/wp-json\/wp\/v2\/users\/3"}],"replies":[{"embeddable":true,"href":"https:\/\/www.kinesiologiaestetica.cl\/web\/wp-json\/wp\/v2\/comments?post=1776"}],"version-history":[{"count":23,"href":"https:\/\/www.kinesiologiaestetica.cl\/web\/wp-json\/wp\/v2\/pages\/1776\/revisions"}],"predecessor-version":[{"id":44743,"href":"https:\/\/www.kinesiologiaestetica.cl\/web\/wp-json\/wp\/v2\/pages\/1776\/revisions\/44743"}],"wp:attachment":[{"href":"https:\/\/www.kinesiologiaestetica.cl\/web\/wp-json\/wp\/v2\/media?parent=1776"}],"curies":[{"name":"wp","href":"https:\/\/api.w.org\/{rel}","templated":true}]}}