{"id":2357,"date":"2017-12-05T14:38:09","date_gmt":"2017-12-05T14:38:09","guid":{"rendered":"http:\/\/www.kinesiologiaestetica.cl\/web\/?page_id=2357"},"modified":"2021-11-15T17:44:55","modified_gmt":"2021-11-15T21:44:55","slug":"shock-brazos","status":"publish","type":"page","link":"https:\/\/www.kinesiologiaestetica.cl\/web\/shock-brazos\/","title":{"rendered":"Shock Brazos"},"content":{"rendered":"<p>[et_pb_section bb_built=\u00bb1&#8243; admin_label=\u00bbsection\u00bb][et_pb_row admin_label=\u00bbrow\u00bb background_position=\u00bbtop_left\u00bb background_repeat=\u00bbrepeat\u00bb background_size=\u00bbinitial\u00bb][et_pb_column type=\u00bb4_4&#8243;][et_pb_text background_layout=\u00bblight\u00bb text_orientation=\u00bbleft\u00bb use_border_color=\u00bboff\u00bb border_color=\u00bb#ffffff\u00bb border_style=\u00bbsolid\u00bb background_position=\u00bbtop_left\u00bb background_repeat=\u00bbrepeat\u00bb background_size=\u00bbinitial\u00bb]<\/p>\n<h3 style=\"text-align: center;\"><strong><span style=\"color: #3366ff;\">SHOCK BRAZOS<\/span><\/strong><\/h3>\n<p style=\"text-align: justify;\">Unas de estas zonas complicadas para trabajar son los brazos, haciendo que se vean gordos o en ocasiones fl\u00e1cidos y esto hace que no podamos lucir las blusas que tanto nos gustan. Muchas mujeres que han logrado bajar de peso con ejercicios regulares, alimentaci\u00f3n sana y con la ayuda de trucos caseros, notan como en algunas zonas del cuerpo la grasa es mucho m\u00e1s dif\u00edcil de eliminar y no encuentran la soluci\u00f3n a este problema con ejercicio regular.<\/p>\n<p style=\"text-align: justify;\">Nuestra Cl\u00ednica en base a nuestra experiencia profesional, hemos ido ideando los mejores tratamientos y hemos ido adquiriendo la mejor tecnolog\u00eda para lograr los mejores resultados y as\u00ed poder ayudar a muchas a tener los brazos so\u00f1ados Y QUE COMPRUEBEN QUE NO ES IMPOSIBLE!!<\/p>\n<p style=\"text-align: justify;\">Que deseas lograr? Reducir, Reafirmar, Tensar, Tonificar? No hay una receta magia para lograrlo y la mayor\u00eda de las veces necesitamos ir mezclando las t\u00e9cnicas y tecnolog\u00edas a aplicar seg\u00fan tu cuerpo vaya reaccionando. Alguna de las t\u00e9cnicas que usamos son:<\/p>\n<ul>\n<li style=\"text-align: justify;\">Lipoultrasonix<\/li>\n<li style=\"text-align: justify;\">HIFU para lifting no invasivo<\/li>\n<li style=\"text-align: justify;\">Criolip\u00f3lisis con placas planas (ojo no sirve de vacum porque produce m\u00e1s flaccidez)<\/li>\n<li style=\"text-align: justify;\">Mesoterapia virtual<\/li>\n<li style=\"text-align: justify;\">Mesoterapia inyectable<\/li>\n<li style=\"text-align: justify;\">Plasma gel<\/li>\n<li style=\"text-align: justify;\">Hilos tensores<\/li>\n<li style=\"text-align: justify;\">Carboxiterapia<\/li>\n<li style=\"text-align: justify;\">Elixis Reductivo + Reafirmante (S\u00f3lo sucursal Providencia)<\/li>\n<\/ul>\n<h3><\/h3>\n<h3><span style=\"color: #333399;\">Fotos de algunos resultados Antes y despu\u00e9s<\/span><\/h3>\n<h3><\/h3>\n<h3><\/h3>\n<p>&nbsp;<\/p>\n<p>[\/et_pb_text][et_pb_gallery gallery_ids=\u00bb2361,2362&#8243; fullwidth=\u00bboff\u00bb show_title_and_caption=\u00bbon\u00bb show_pagination=\u00bbon\u00bb background_layout=\u00bblight\u00bb auto=\u00bboff\u00bb hover_overlay_color=\u00bbrgba(255,255,255,0.9)\u00bb caption_all_caps=\u00bboff\u00bb use_border_color=\u00bboff\u00bb border_color=\u00bb#ffffff\u00bb border_style=\u00bbsolid\u00bb posts_number=\u00bb2&#8243;]<\/p>\n<p><\/p>\n<p>[\/et_pb_gallery][et_pb_social_media_follow link_shape=\u00bbrounded_rectangle\u00bb background_layout=\u00bblight\u00bb url_new_window=\u00bboff\u00bb follow_button=\u00bbon\u00bb border_radii=\u00bbon|3px|3px|3px|3px\u00bb][et_pb_social_media_follow_network social_network=\u00bbfacebook\u00bb url=\u00bbhttps:\/\/www.facebook.com\/kinesiologiaestetica.cl\/?ref=aymt_homepage_panel\u00bb skype_action=\u00bbcall\u00bb bg_color=\u00bb#3b5998&#8243;] Facebook [\/et_pb_social_media_follow_network][\/et_pb_social_media_follow][\/et_pb_column][\/et_pb_row][\/et_pb_section]<\/p>\n","protected":false},"excerpt":{"rendered":"<p>SHOCK BRAZOS Unas de estas zonas complicadas para trabajar son los brazos, haciendo que se vean gordos o en ocasiones fl\u00e1cidos y esto hace que no podamos lucir las blusas que tanto nos gustan. Muchas mujeres que han logrado bajar de peso con ejercicios regulares, alimentaci\u00f3n sana y con la ayuda de trucos caseros, notan [&hellip;]<\/p>\n","protected":false},"author":3,"featured_media":0,"parent":0,"menu_order":0,"comment_status":"closed","ping_status":"closed","template":"","meta":{"_et_pb_use_builder":"on","_et_pb_old_content":"","_et_gb_content_width":"","footnotes":""},"class_list":["post-2357","page","type-page","status-publish","hentry"],"_links":{"self":[{"href":"https:\/\/www.kinesiologiaestetica.cl\/web\/wp-json\/wp\/v2\/pages\/2357","targetHints":{"allow":["GET"]}}],"collection":[{"href":"https:\/\/www.kinesiologiaestetica.cl\/web\/wp-json\/wp\/v2\/pages"}],"about":[{"href":"https:\/\/www.kinesiologiaestetica.cl\/web\/wp-json\/wp\/v2\/types\/page"}],"author":[{"embeddable":true,"href":"https:\/\/www.kinesiologiaestetica.cl\/web\/wp-json\/wp\/v2\/users\/3"}],"replies":[{"embeddable":true,"href":"https:\/\/www.kinesiologiaestetica.cl\/web\/wp-json\/wp\/v2\/comments?post=2357"}],"version-history":[{"count":7,"href":"https:\/\/www.kinesiologiaestetica.cl\/web\/wp-json\/wp\/v2\/pages\/2357\/revisions"}],"predecessor-version":[{"id":62925,"href":"https:\/\/www.kinesiologiaestetica.cl\/web\/wp-json\/wp\/v2\/pages\/2357\/revisions\/62925"}],"wp:attachment":[{"href":"https:\/\/www.kinesiologiaestetica.cl\/web\/wp-json\/wp\/v2\/media?parent=2357"}],"curies":[{"name":"wp","href":"https:\/\/api.w.org\/{rel}","templated":true}]}}