{"id":24487,"date":"2019-10-25T19:59:59","date_gmt":"2019-10-25T23:59:59","guid":{"rendered":"https:\/\/www.kinesiologiaestetica.cl\/web\/?page_id=24487"},"modified":"2025-05-06T11:20:39","modified_gmt":"2025-05-06T15:20:39","slug":"sucursal-providencia","status":"publish","type":"page","link":"https:\/\/www.kinesiologiaestetica.cl\/web\/sucursal-providencia\/","title":{"rendered":"Sucursal Providencia"},"content":{"rendered":"<p>[et_pb_section fb_built=\u00bb1&#8243; admin_label=\u00bbprovi\u00bb _builder_version=\u00bb4.17.6&#8243; da_disable_devices=\u00bboff|off|off\u00bb global_module=\u00bb32422&#8243; global_colors_info=\u00bb{}\u00bb da_is_popup=\u00bboff\u00bb da_exit_intent=\u00bboff\u00bb da_has_close=\u00bbon\u00bb da_alt_close=\u00bboff\u00bb da_dark_close=\u00bboff\u00bb da_not_modal=\u00bbon\u00bb da_is_singular=\u00bboff\u00bb da_with_loader=\u00bboff\u00bb da_has_shadow=\u00bbon\u00bb][et_pb_row _builder_version=\u00bb4.16&#8243; background_size=\u00bbinitial\u00bb background_position=\u00bbtop_left\u00bb background_repeat=\u00bbrepeat\u00bb global_colors_info=\u00bb{}\u00bb][et_pb_column type=\u00bb4_4&#8243; _builder_version=\u00bb4.16&#8243; custom_padding=\u00bb|||\u00bb global_colors_info=\u00bb{}\u00bb custom_padding__hover=\u00bb|||\u00bb][et_pb_text _builder_version=\u00bb4.16&#8243; global_colors_info=\u00bb{}\u00bb]<\/p>\n<p><iframe loading=\"lazy\" src=\"https:\/\/www.youtube.com\/embed\/B9sW6mPj8s8\" width=\"560\" height=\"315\" frameborder=\"0\" allowfullscreen=\"allowfullscreen\"><\/iframe><\/p>\n<p>[\/et_pb_text][\/et_pb_column][\/et_pb_row][et_pb_row _builder_version=\u00bb4.17.6&#8243; _module_preset=\u00bbdefault\u00bb background_color=\u00bb#0C71C3&#8243; locked=\u00bboff\u00bb global_colors_info=\u00bb{}\u00bb][et_pb_column type=\u00bb4_4&#8243; _builder_version=\u00bb4.17.6&#8243; _module_preset=\u00bbdefault\u00bb global_colors_info=\u00bb{}\u00bb][et_pb_button button_url=\u00bbhttps:\/\/api.whatsapp.com\/send?phone=56952156197&#038;text=Toc%2C%20toc!%20Hola\u00bb button_text=\u00bbWhatsapp\u00bb button_alignment=\u00bbcenter\u00bb _builder_version=\u00bb4.17.6&#8243; _module_preset=\u00bbdefault\u00bb custom_button=\u00bbon\u00bb button_text_color=\u00bb#FFFFFF\u00bb button_bg_color=\u00bb#0C71C3&#8243; button_border_radius=\u00bb19px\u00bb button_icon=\u00bb&#xf40c;||fa||400&#8243; button_icon_placement=\u00bbleft\u00bb button_on_hover=\u00bboff\u00bb global_colors_info=\u00bb{}\u00bb][\/et_pb_button][et_pb_button button_url=\u00bbtel:+56952156197&#8243; button_text=\u00bbLl\u00e1manos\u00bb button_alignment=\u00bbcenter\u00bb _builder_version=\u00bb4.17.6&#8243; _module_preset=\u00bbdefault\u00bb custom_button=\u00bbon\u00bb button_text_color=\u00bb#FFFFFF\u00bb button_bg_color=\u00bb#0C71C3&#8243; button_border_radius=\u00bb19px\u00bb button_icon=\u00bb&#xf3cd;||fa||900&#8243; button_icon_placement=\u00bbleft\u00bb button_on_hover=\u00bboff\u00bb global_colors_info=\u00bb{}\u00bb][\/et_pb_button][et_pb_button button_url=\u00bbhttps:\/\/www.kinesiologiaestetica.cl\/web\/contacto\/\u00bb button_text=\u00bbE-mail\u00bb button_alignment=\u00bbcenter\u00bb _builder_version=\u00bb4.17.6&#8243; _module_preset=\u00bbdefault\u00bb custom_button=\u00bbon\u00bb button_text_color=\u00bb#FFFFFF\u00bb button_bg_color=\u00bb#0C71C3&#8243; button_border_radius=\u00bb17px\u00bb button_icon=\u00bb&#xe076;||divi||400&#8243; button_icon_placement=\u00bbleft\u00bb button_on_hover=\u00bboff\u00bb global_colors_info=\u00bb{}\u00bb][\/et_pb_button][et_pb_button button_url=\u00bbhttps:\/\/catalogoke2025.my.canva.site\/catalogo-2025-v0-7&#8243; button_text=\u00bbCat\u00e1logo\u00bb button_alignment=\u00bbcenter\u00bb _builder_version=\u00bb4.27.4&#8243; _module_preset=\u00bbdefault\u00bb custom_button=\u00bbon\u00bb button_text_color=\u00bb#FFFFFF\u00bb button_bg_color=\u00bb#0C71C3&#8243; button_border_radius=\u00bb17px\u00bb button_icon=\u00bb&#xf518;||fa||900&#8243; button_icon_placement=\u00bbleft\u00bb button_on_hover=\u00bboff\u00bb hover_enabled=\u00bb0&#8243; locked=\u00bboff\u00bb global_colors_info=\u00bb{}\u00bb sticky_enabled=\u00bb0&#8243;][\/et_pb_button][\/et_pb_column][\/et_pb_row][et_pb_row column_structure=\u00bb1_2,1_2&#8243; _builder_version=\u00bb4.16&#8243; background_size=\u00bbinitial\u00bb background_position=\u00bbtop_left\u00bb background_repeat=\u00bbrepeat\u00bb global_colors_info=\u00bb{}\u00bb][et_pb_column type=\u00bb1_2&#8243; _builder_version=\u00bb4.16&#8243; custom_padding=\u00bb|||\u00bb global_colors_info=\u00bb{}\u00bb custom_padding__hover=\u00bb|||\u00bb][et_pb_map address=\u00bbPadre Mariano 391, Providencia, Regi\u00f3n Metropolitana, Chile\u00bb address_lat=\u00bb-33.4235509&#8243; address_lng=\u00bb-70.61845349999999&#8243; _builder_version=\u00bb4.16&#8243; global_colors_info=\u00bb{}\u00bb][et_pb_map_pin title=\u00bbProvidencia\u00bb pin_address=\u00bbPadre Mariano 391, Providencia, Regi\u00f3n Metropolitana, Chile\u00bb pin_address_lat=\u00bb-33.4235509&#8243; pin_address_lng=\u00bb-70.61845349999999&#8243; _builder_version=\u00bb3.20.1&#8243; global_colors_info=\u00bb{}\u00bb][\/et_pb_map_pin][\/et_pb_map][\/et_pb_column][et_pb_column type=\u00bb1_2&#8243; _builder_version=\u00bb4.16&#8243; custom_padding=\u00bb|||\u00bb global_colors_info=\u00bb{}\u00bb custom_padding__hover=\u00bb|||\u00bb][et_pb_text _builder_version=\u00bb4.17.6&#8243; global_colors_info=\u00bb{}\u00bb]<\/p>\n<h1>Providencia<\/h1>\n<p>Vis\u00edtanos en nuestra cl\u00ednica est\u00e9tica, para acceder a los tratamientos en rejuvenecimiento facial, depilaci\u00f3n l\u00e1ser, reducci\u00f3n de grasa y m\u00e1s.<\/p>\n<p>&nbsp;<\/p>\n<ul class=\"lista-leciel\">\n<li><strong>Padre Mariano 391, oficina 802, Providencia Metro Pedro de Valdivia<\/strong><\/li>\n<li><strong><a href=\"tel:+56228400726\">Fono: 232719636<\/a><\/strong><\/li>\n<li>\u00a0<strong>Celular y Whatsapp\u00a0<a href=\"https:\/\/api.whatsapp.com\/send?phone=5697900686&amp;text=Toc%2C%20toc!%20Hola\">+56952156197<\/a><br \/><\/strong><\/li>\n<\/ul>\n<p><strong><\/strong><\/p>\n<p><a href=\"https:\/\/www.facebook.com\/KEProvi\/\"><img decoding=\"async\" loading=\"lazy\" class=\"alignnone wp-image-17824  ls-is-cached lazyloaded\" src=\"https:\/\/www.kinesiologiaestetica.cl\/web\/wp-content\/uploads\/2019\/08\/facebook-2.png\" alt=\"\" width=\"30\" height=\"30\" data-src=\"https:\/\/www.kinesiologiaestetica.cl\/web\/wp-content\/uploads\/2019\/08\/facebook-2.png\" data-eio-rwidth=\"40\" data-eio-rheight=\"40\" \/><\/a><a href=\"https:\/\/www.instagram.com\/clinicas_ke_chile\/\"><img decoding=\"async\" loading=\"lazy\" class=\"alignnone size-medium wp-image-17825 ls-is-cached lazyloaded\" src=\"https:\/\/www.kinesiologiaestetica.cl\/web\/wp-content\/uploads\/2019\/08\/instagram-2.png\" alt=\"\" width=\"30\" height=\"30\" data-src=\"https:\/\/www.kinesiologiaestetica.cl\/web\/wp-content\/uploads\/2019\/08\/instagram-2.png\" data-eio-rwidth=\"40\" data-eio-rheight=\"40\" \/><\/a><a href=\"https:\/\/api.whatsapp.com\/send?phone=56952156197&amp;text=Toc%2C%20toc!%20Hola\"><\/a><a href=\"https:\/\/www.tiktok.com\/@clinica_ke_providencia\"><img loading=\"lazy\" decoding=\"async\" src=\"https:\/\/www.kinesiologiaestetica.cl\/web\/wp-content\/uploads\/2024\/02\/tt.png\" width=\"30\" height=\"30\" alt=\"\" class=\"wp-image-66193 alignnone size-full ls-is-cached lazyloaded\" data-src=\"https:\/\/www.kinesiologiaestetica.cl\/web\/wp-content\/uploads\/2024\/02\/tt.png\" data-eio-rwidth=\"70\" data-eio-rheight=\"70\" \/><\/a><a href=\"https:\/\/api.whatsapp.com\/send?phone=56952156197&amp;text=Toc%2C%20toc!%20Hola\"><img decoding=\"async\" loading=\"lazy\" class=\"alignnone size-medium wp-image-17826 ls-is-cached lazyloaded\" src=\"https:\/\/www.kinesiologiaestetica.cl\/web\/wp-content\/uploads\/2019\/08\/whatsapp-2.png\" alt=\"\" width=\"30\" height=\"30\" data-src=\"https:\/\/www.kinesiologiaestetica.cl\/web\/wp-content\/uploads\/2019\/08\/whatsapp-2.png\" data-eio-rwidth=\"40\" data-eio-rheight=\"40\" \/><\/a><\/p>\n<p>[\/et_pb_text][\/et_pb_column][\/et_pb_row][\/et_pb_section]<\/p>\n","protected":false},"excerpt":{"rendered":"<p>Providencia Vis\u00edtanos en nuestra cl\u00ednica est\u00e9tica, para acceder a los tratamientos en rejuvenecimiento facial, depilaci\u00f3n l\u00e1ser, reducci\u00f3n de grasa y m\u00e1s. &nbsp; Padre Mariano 391, oficina 802, Providencia Metro Pedro de Valdivia Fono: 232719636 \u00a0Celular y Whatsapp\u00a0+56952156197<\/p>\n","protected":false},"author":3,"featured_media":0,"parent":0,"menu_order":0,"comment_status":"closed","ping_status":"closed","template":"","meta":{"_et_pb_use_builder":"on","_et_pb_old_content":"","_et_gb_content_width":"","footnotes":""},"class_list":["post-24487","page","type-page","status-publish","hentry"],"_links":{"self":[{"href":"https:\/\/www.kinesiologiaestetica.cl\/web\/wp-json\/wp\/v2\/pages\/24487","targetHints":{"allow":["GET"]}}],"collection":[{"href":"https:\/\/www.kinesiologiaestetica.cl\/web\/wp-json\/wp\/v2\/pages"}],"about":[{"href":"https:\/\/www.kinesiologiaestetica.cl\/web\/wp-json\/wp\/v2\/types\/page"}],"author":[{"embeddable":true,"href":"https:\/\/www.kinesiologiaestetica.cl\/web\/wp-json\/wp\/v2\/users\/3"}],"replies":[{"embeddable":true,"href":"https:\/\/www.kinesiologiaestetica.cl\/web\/wp-json\/wp\/v2\/comments?post=24487"}],"version-history":[{"count":12,"href":"https:\/\/www.kinesiologiaestetica.cl\/web\/wp-json\/wp\/v2\/pages\/24487\/revisions"}],"predecessor-version":[{"id":67971,"href":"https:\/\/www.kinesiologiaestetica.cl\/web\/wp-json\/wp\/v2\/pages\/24487\/revisions\/67971"}],"wp:attachment":[{"href":"https:\/\/www.kinesiologiaestetica.cl\/web\/wp-json\/wp\/v2\/media?parent=24487"}],"curies":[{"name":"wp","href":"https:\/\/api.w.org\/{rel}","templated":true}]}}