{"id":368,"date":"2015-07-08T19:15:17","date_gmt":"2015-07-08T19:15:17","guid":{"rendered":"http:\/\/www.kinesiologiaestetica.cl\/web\/?page_id=368"},"modified":"2023-01-24T10:11:39","modified_gmt":"2023-01-24T14:11:39","slug":"post-operatorios","status":"publish","type":"page","link":"https:\/\/www.kinesiologiaestetica.cl\/web\/post-operatorios\/","title":{"rendered":"POST OPERATORIOS"},"content":{"rendered":"<p>[et_pb_section fb_built=\u00bb1&#8243; admin_label=\u00bbsection\u00bb _builder_version=\u00bb4.16&#8243; global_colors_info=\u00bb{}\u00bb][et_pb_row admin_label=\u00bbrow\u00bb _builder_version=\u00bb4.16&#8243; background_size=\u00bbinitial\u00bb background_position=\u00bbtop_left\u00bb background_repeat=\u00bbrepeat\u00bb global_colors_info=\u00bb{}\u00bb][et_pb_column type=\u00bb4_4&#8243; _builder_version=\u00bb4.16&#8243; custom_padding=\u00bb|||\u00bb global_colors_info=\u00bb{}\u00bb custom_padding__hover=\u00bb|||\u00bb][et_pb_code _builder_version=\u00bb4.17.6&#8243; _module_preset=\u00bbdefault\u00bb hover_enabled=\u00bb0&#8243; global_colors_info=\u00bb{}\u00bb sticky_enabled=\u00bb0&#8243;]<iframe loading=\"lazy\" width=\"560\" height=\"315\" src=\"https:\/\/www.youtube.com\/embed\/qOUJNCYK0t8\" title=\"YouTube video player\" frameborder=\"0\" allow=\"accelerometer; autoplay; clipboard-write; encrypted-media; gyroscope; picture-in-picture; web-share\" allowfullscreen><\/iframe>[\/et_pb_code][et_pb_text _builder_version=\u00bb4.16&#8243; background_size=\u00bbinitial\u00bb background_position=\u00bbtop_left\u00bb background_repeat=\u00bbrepeat\u00bb text_orientation=\u00bbcenter\u00bb module_alignment=\u00bbcenter\u00bb global_colors_info=\u00bb{}\u00bb]<\/p>\n<h2><strong><span style=\"color: #3366ff;\">TRATAMIENTO POST OPERATORIO<\/span><\/strong><\/h2>\n<p>[\/et_pb_text][et_pb_text _builder_version=\u00bb4.16&#8243; background_size=\u00bbinitial\u00bb background_position=\u00bbtop_left\u00bb background_repeat=\u00bbrepeat\u00bb global_colors_info=\u00bb{}\u00bb]<\/p>\n<p>\nCon m\u00e1s de 6 a\u00f1os de experiencia en tratamientos Post Quir\u00fargicos y fibrosis, el tratamiento consiste en aplicaci\u00f3n de ultrasonido, drenaje linf\u00e1tico manual y con presoterapia, t\u00e9cnicas de cicatrizaci\u00f3n, t\u00e9cnicas para evitar encapsulamiento (en aumento mamario) y \u00a0radiofrecuencia cuando su m\u00e9dico se lo ha indicado o cuando se requiera seg\u00fan diagn\u00f3stico Kin\u00e9sico de la evaluaci\u00f3n.<\/p>\n<p>Indicado para mujeres y hombres en:<\/p>\n<ul>\n<li>Liposucci\u00f3n<\/li>\n<li>Cirug\u00eda de las mamas (aumento o disminuci\u00f3n)<\/li>\n<li>Abdominoplast\u00eda<\/li>\n<li style=\"text-align: justify;\">Cirug\u00eda Facial<\/li>\n<li style=\"text-align: justify;\">Rinoplast\u00eda (no se hacen en la nariz, sino para desinflamaci\u00f3n de ojos y p\u00e1rpados)<\/li>\n<li style=\"text-align: justify;\">Cirug\u00eda de gl\u00fateos, pantorrillas, pectorales<\/li>\n<\/ul>\n<p style=\"text-align: justify;\">El objetivo del tratamiento es poder actuar en per\u00edodos tempranos post cirug\u00eda, para as\u00ed poder apurar la disminuci\u00f3n de procesos inflamatorios, edema y dolor. En etapas medias y tard\u00edas, evitar generaci\u00f3n de fibrosis, poder trabajar cicatrices y lograr resultados finales homog\u00e9neos.<\/p>\n<p style=\"text-align: justify;\">Se recomienda que el tratamiento se comience a los 2 d\u00edas realizada la cirug\u00eda (excepto si hay drenajes puestos). Aunque algunos m\u00e9dicos recomiendan que se comience a la semana o al mes de la cirug\u00eda, nuestra experiencia en el \u00e1rea como cl\u00ednica (6 a\u00f1os), nos ha demostrado que mientras antes se comience es mejor, ya que disminuye mucho mas r\u00e1pido el dolor provocado por la tensi\u00f3n que se genera en la piel producto de la inflamaci\u00f3n.<\/p>\n<h3 style=\"text-align: justify;\"><span style=\"color: #3366ff;\">Qu\u00e9 pasa cuando no se comienza en etapas tempranas el Post Operatorio?<\/span><\/h3>\n<p style=\"text-align: justify;\">El dolor y la inflamaci\u00f3n permanecer\u00e1n mas tiempo en tu cuerpo, producto que no le estas dando ayuda externa profesional para que se drene y elimine mas r\u00e1pido.<\/p>\n<h3 style=\"text-align: justify;\"><span style=\"color: #3366ff;\">Qu\u00e9 pasa cuando no se hace el tratamiento Post operatorio?<\/span><\/h3>\n<p style=\"text-align: justify;\">Muchas de nuestras pacientes que no se han hecho el tratamiento pos operatorio, han llegado a nuestra cl\u00ednica muy arrepentidas debido a que su pensamiento ha sido intentar ahorrar en este \u00edtem. Lamentablemente este \u00edtem no se puede ver como un ahorro, ya que es sumamente importante para los resultados finales. Piensa en que si estas invirtiendo dinero en operarte, que esto valga la pena y que los resultados sean los mejores. El M\u00e9dico hace el trabajo general (succiona sin muchas veces tener precisi\u00f3n), mientras que la kinesi\u00f3loga despu\u00e9s hace el trabajo fino, es decir realizar t\u00e9cnicas para que los resultados sean los m\u00e1s r\u00e1pidos y homog\u00e9neos, que la cicatriz quede lo m\u00e1s natural posible. En el caso de la abdominoplast\u00eda, que el ombligo quede lo m\u00e1s parecido a uno normal o que la piel del abdomen no quede dura (efecto tabla), sino que quede lo m\u00e1s parecido a un abdomen normal. \u00a0La mayor\u00eda de las veces cuando no se hace tratamiento Post Operatorio, se genera fibrosis, que se traduce en zonas con durezas o irregularidades. Esto debido a que el m\u00e9dico cuando hace una liposucci\u00f3n o pone un implante, separa la piel de planos profundos, esto debe luego generar una cicatrizaci\u00f3n y muchas veces la cicatrizaci\u00f3n no es de buena calidad o simplemente quedan inflamaciones en la zona que no drenaron y se genera un proceso llamado Fibrosis.<\/p>\n<h3 style=\"text-align: justify;\"><span style=\"color: #3366ff;\">Es posible comenzar un tratamiento en etapas tard\u00edas (despu\u00e9s de 30 d\u00edas operada o m\u00e1s)?<\/span><\/h3>\n<p style=\"text-align: justify;\">Si, es posible, pero puede que se tengan que hacer muchas m\u00e1s sesiones de las recomendadas en un principio, debido a que adem\u00e1s de drenar inflamaci\u00f3n, se debe romper la fibrosis en la zona.<\/p>\n<h3 style=\"text-align: justify;\"><span style=\"color: #3366ff;\">Es posible tratar fibrosis de mucho tiempo? Nuestra Cl\u00ednica lo hace?<\/span><\/h3>\n<p style=\"text-align: justify;\">Si, se puede tratar, pero va a depender del tipo y cantidad de fibrosis lo que se debe hacer, en general hay que aplicar tecnolog\u00eda l\u00e1ser o radiofrecuencia en modalidad de rompimiento de fibrosis (cuidar quien va a hacer esto, ya que no es una t\u00e9cnica f\u00e1cil. Nuestra Cl\u00ednica cuenta con prestigio y respaldo de m\u00e9dicos que nos derivan hace a\u00f1os para trabajar procesos fibrosos, pero es fundamental poder evaluar.<\/p>\n<h3 style=\"text-align: justify;\"><span style=\"color: #3366ff;\">Qu\u00e9 pasa cuando se genera fibrosis incluso cuando te has realizado las sesiones de Post operatorio?<\/span><\/h3>\n<p style=\"text-align: justify;\">La fibrosis se puede provocar tambi\u00e9n por una mala t\u00e9cnica en la aplicaci\u00f3n del drenaje linf\u00e1tico. Por eso es fundamental la elecci\u00f3n del profesional que va a realizar el tratamiento, debe ser un profesional Kinesi\u00f3logo (a) capacitado o certificado en drenaje linf\u00e1tico. Ojo que el masaje de drenaje linf\u00e1tico debe ser muy suave (casi como un cari\u00f1o), no pueden ser masajes fuertes o que duelan ya que si se hace un masaje fuerte, la piel (que ya esta delicada y sensible) va a sobre reaccionar, generando Fibrosis. Hay personas que por gen\u00e9tica tienen mala cicatrizaci\u00f3n, ya sea externa o interna (cicatrices hipertr\u00f3ficas) por lo que ser\u00e1n personas mas propensas a generar fibrosis. Este es un punto a considerar antes de tomar la decisi\u00f3n de operarse ya que en general la decisi\u00f3n se hace para poder mostrar la zona y que se vea linda, pero un abdomen con fibrosis no se ve lindo ya que\u00a0tiene muchas irregularidades.<\/p>\n<h2 style=\"text-align: justify;\"><span style=\"color: #3366ff;\">Recomendaciones<\/span><\/h2>\n<p style=\"text-align: justify;\">1.- Si decides operarte, te recomendamos que lo hagas <span style=\"color: #ff0000;\">en invierno<\/span> (Marzo a octubre) ya que debes tener en cuenta que el proceso de recuperaci\u00f3n es lento (puede tardar hasta de 3 a 6 meses en verse los resultados finales, seg\u00fan sea la velocidad de cicatrizaci\u00f3n de tu cuerpo) y que debes usar una faja d\u00eda y noche, lo cual ser\u00e1 muy incomodo usar en verano.<\/p>\n<p style=\"text-align: justify;\">2.- Es fundamental que uses una <span style=\"color: #ff0000;\">buena faja<\/span>, no te sirve una de lycra, tiene que ser de g\u00e9nero PowerNet de control fuerte, es decir el g\u00e9nero no puede ceder ni con el lavado ni con el uso, por lo que te sugerimos que no veas ahorro en este \u00edtem (Las fajas de este g\u00e9nero no son econ\u00f3micas). Por otro lado, esta compresi\u00f3n fuerte te ayudar\u00e1 a desinflamar mas r\u00e1pido y modelar de mejor forma tu cuerpo. \u00a0 Debes usar tambi\u00e9n una tabla en tu abdomen en caso de abdominoplast\u00eda y liposucci\u00f3n ya que al sentarte la faja har\u00e1 un pliegue que muchas veces molesta o te puede dejar marcado el abdomen. Te recomendamos \u00e9sta p\u00e1gina <strong><span style=\"color: #3366ff;\">www.mediestetic.cl<\/span> <\/strong>ah\u00ed encontrar\u00e1s fajas de excelente calidad y tabla abdominal, as\u00ed como tambi\u00e9n sostenes para aumento y disminuci\u00f3n mamario.<\/p>\n<p style=\"text-align: justify;\">3.- Real\u00edzate el Post Operatorio en la misma Ciudad donde te operar\u00e1s. Tenemos muchas pacientes que se han ido a operar fuera de Chile y se han hecho el Post Operatorio con nosotros, pero \u00e9sto es un riesgo, ya que cualquier disconformidad con la operaci\u00f3n esta lejos de ser arreglada. Por otro lado el viaje en estado Post operada puede significar un riesgo a la salud y tambi\u00e9n puede afectar en un porcentaje tus resultados finales.<\/p>\n<p style=\"text-align: justify;\">4.- Te recomendamos que te hagas el tratamiento Post Operatorio con profesionales certificados en tratamientos de este tipo, esto porque dentro de la formaci\u00f3n de kinesiolog\u00eda no est\u00e1 incluida la formaci\u00f3n en Post Operatorios, por lo que s\u00f3lo ser kinesi\u00f3loga no es suficiente, se requiere curso de especializaci\u00f3n en el \u00e1rea.<\/p>\n<p style=\"text-align: justify;\">5.- Por \u00faltimo te recordamos la tendencia mundial es a realizarse procedimientos reductivos o reafirmantes lo menos invasivo posibles, ya que hoy en d\u00eda existe tecnolog\u00eda no invasiva con excelentes resultados, por lo que te recomendamos que antes de decidir operarte, descartes este tipo de posibilidades o consultes con tu m\u00e9dico todos los riesgos, complicaciones y garant\u00edas de la operaci\u00f3n.<\/p>\n<p style=\"text-align: justify;\">Te invitamos a que conozcas nuestro equipo de profesionales capacitadas en tratamientos Post Opetatorios y procedimientos reductivos y reafirmantes no invasivos.<\/p>\n<p>&nbsp;<\/p>\n<p>&nbsp;<\/p>\n<p>[\/et_pb_text][et_pb_gallery gallery_ids=\u00bb1038,1039,1040&#8243; posts_number=\u00bb3&#8243; _builder_version=\u00bb4.16&#8243; global_colors_info=\u00bb{}\u00bb]<br \/>\n[\/et_pb_gallery][\/et_pb_column][\/et_pb_row][\/et_pb_section]<\/p>\n","protected":false},"excerpt":{"rendered":"<p>TRATAMIENTO POST OPERATORIO Con m\u00e1s de 6 a\u00f1os de experiencia en tratamientos Post Quir\u00fargicos y fibrosis, el tratamiento consiste en aplicaci\u00f3n de ultrasonido, drenaje linf\u00e1tico manual y con presoterapia, t\u00e9cnicas de cicatrizaci\u00f3n, t\u00e9cnicas para evitar encapsulamiento (en aumento mamario) y \u00a0radiofrecuencia cuando su m\u00e9dico se lo ha indicado o cuando se requiera seg\u00fan diagn\u00f3stico Kin\u00e9sico [&hellip;]<\/p>\n","protected":false},"author":3,"featured_media":0,"parent":0,"menu_order":0,"comment_status":"open","ping_status":"open","template":"","meta":{"_et_pb_use_builder":"on","_et_pb_old_content":"","_et_gb_content_width":"","footnotes":""},"class_list":["post-368","page","type-page","status-publish","hentry"],"_links":{"self":[{"href":"https:\/\/www.kinesiologiaestetica.cl\/web\/wp-json\/wp\/v2\/pages\/368","targetHints":{"allow":["GET"]}}],"collection":[{"href":"https:\/\/www.kinesiologiaestetica.cl\/web\/wp-json\/wp\/v2\/pages"}],"about":[{"href":"https:\/\/www.kinesiologiaestetica.cl\/web\/wp-json\/wp\/v2\/types\/page"}],"author":[{"embeddable":true,"href":"https:\/\/www.kinesiologiaestetica.cl\/web\/wp-json\/wp\/v2\/users\/3"}],"replies":[{"embeddable":true,"href":"https:\/\/www.kinesiologiaestetica.cl\/web\/wp-json\/wp\/v2\/comments?post=368"}],"version-history":[{"count":43,"href":"https:\/\/www.kinesiologiaestetica.cl\/web\/wp-json\/wp\/v2\/pages\/368\/revisions"}],"predecessor-version":[{"id":64930,"href":"https:\/\/www.kinesiologiaestetica.cl\/web\/wp-json\/wp\/v2\/pages\/368\/revisions\/64930"}],"wp:attachment":[{"href":"https:\/\/www.kinesiologiaestetica.cl\/web\/wp-json\/wp\/v2\/media?parent=368"}],"curies":[{"name":"wp","href":"https:\/\/api.w.org\/{rel}","templated":true}]}}