{"id":391,"date":"2015-07-08T19:28:54","date_gmt":"2015-07-08T19:28:54","guid":{"rendered":"http:\/\/www.kinesiologiaestetica.cl\/web\/?page_id=391"},"modified":"2020-07-23T14:26:21","modified_gmt":"2020-07-23T18:26:21","slug":"tratamiento-despigmentante","status":"publish","type":"page","link":"https:\/\/www.kinesiologiaestetica.cl\/web\/tratamiento-despigmentante\/","title":{"rendered":"L\u00e1ser Despigmentante"},"content":{"rendered":"<p>[et_pb_section bb_built=\u00bb1&#8243; next_background_color=\u00bb#b5b5b5&#8243;][et_pb_row][et_pb_column type=\u00bb4_4&#8243;][et_pb_text background_position=\u00bbtop_left\u00bb background_repeat=\u00bbrepeat\u00bb background_size=\u00bbinitial\u00bb]<\/p>\n<div class=\"entry\">\n<p>Los tratamientos con luz intensa pulsada son la mejor alternativa para quitar manchas tambi\u00e9n m\u00e9dicamente llamadas \u00abmelasmas\u00bb de la piel.<\/p>\n<p>Con respecto a otros tratamientos este no es ablativo, por lo tanto es muy seguro y con resultados espectaculares en muy poco tiempo. Este elimina las manchas de la piel y mejorar la apariencia causadas por el foto envejecimiento.<\/p>\n<p>Esta tecnolog\u00eda de luz intensa pulsada IPL penetra en la dermis en forma de luz concentrando su calor en las zonas pigmentadas fragmentando la melanina causante de las manchas de la piel, estimulando la organizaci\u00f3n y formaci\u00f3n de nuevas fibras de col\u00e1geno.<\/p>\n<\/div>\n<h4 class=\"clr\"><span style=\"color: #3366ff;\">\u00a0\u00bfQu\u00e9 tipo de manchas puedo eliminar con Luz Pulsada Intensa?<\/span><\/h4>\n<p>Solamente se puede quitar la pigmentaci\u00f3n benigna de tu piel como pecas, manchas debidas a la exposici\u00f3n solar y a la edad, ros\u00e1cea y las marcas del acn\u00e9 (no lunares).<\/p>\n<h4><span style=\"color: #3366ff;\">\u00bfC\u00f3mo debo venir para la primera sesi\u00f3n de Luz Pulsada (IPL)?<\/span><\/h4>\n<p>Para foto rejuvenecimiento debe venir con la piel limpia sin cremas.<\/p>\n<h4><span style=\"color: #3366ff;\">\u00bfCu\u00e1l es la frecuencia con la que debo realizar el tratamiento?<\/span><\/h4>\n<p>En estudios controlados se vio que el mejor resultado final se alcanzaba, cuando el paciente concurr\u00eda a intervalos regulares de tiempo por lo que se recomienda 1 vez cada 7 d\u00edas. En general se recomiendan de 6 a 8 sesiones depediendo del tipo, cantidad y evoluci\u00f3n de la mancha. Por eso es fundamental realizarse una evaluaci\u00f3n.<\/p>\n<h4><span style=\"color: #3366ff;\">\u00bfQu\u00e9 cuidados debo tener con la piel despu\u00e9s del tratamiento<\/span><\/h4>\n<p>Usar protector solar durante 7 &#8211; 15 d\u00edas.<\/p>\n<p>Evitar concurrir a la playa los cinco primeros d\u00edas despu\u00e9s del tratamiento.<\/p>\n<h4><span style=\"color: #3366ff;\">Todas las personas pueden hacerse el tratamiento con Luz intensa Pulsada IPL?<\/span><\/h4>\n<p>Por ejemplo, si el paciente est\u00e1 tomando o tom\u00f3, isotretinoina o acitetrina o vitamina A en altas dosis, debe esperar 6 meses para realizar el tratamiento con fototerapia, si se coloca cremas con \u00e1cido glic\u00f3lico o retinoico, debe esperar 1 d\u00eda, y despu\u00e9s del tratamiento, puede volver a usarlas a las 72 horas.<\/p>\n<h4><span style=\"color: #3366ff;\">A partir de cualquier edad<\/span><\/h4>\n<p>A partir de 14 \u00a0a\u00f1os ya que tiene que dejarse los anteojos protectores puestos.<\/p>\n<h4><span style=\"color: #3366ff;\">Y las embarazadas?<\/span><\/h4>\n<p>Las embarazadas no pueden hacerse el tratamiento IPL, las reglamentaciones m\u00e9dicas internacionales nos informan que las embarazadas no deben recibir ning\u00fan tipo de medicaci\u00f3n o procedimiento m\u00e9dico que no sea imprescindible para su salud o la de su bebe.<\/p>\n<h4>Tratamientos IPL para:<\/h4>\n<ul>\n<li>Rejuvenecimiento facial.<\/li>\n<li>Despigmentaci\u00f3n facial.<\/li>\n<li>Rejuvenecimiento en manos.<\/li>\n<li>Despigmentaci\u00f3n de manos.<\/li>\n<li>Disminuci\u00f3n de doble ment\u00f3n.<\/li>\n<li>Despigmentaci\u00f3n o rejuvenecimiento de: cara, espalda, escote, brazos, manos y piernas.<\/li>\n<\/ul>\n<p>&nbsp;<\/p>\n<h4>Resultados.<\/h4>\n<p>Dependiendo del tipo de piel y los cuidados y h\u00e1bitos de vida, estos resultados podr\u00e1n ser m\u00e1s o menos espectaculares. Lo importante, es que el tratamiento laser proporciona resultados desde la primera sesi\u00f3n.<\/p>\n<p>Otro efecto que suele ser inmediato es el aumento de la luminosidad de la piel, dando una imagen vital y m\u00e1s joven a la vez que unifica el tono y la hace m\u00e1s tersa.<\/p>\n<p>En general los resultados que podemos esperar son los siguientes:<\/p>\n<ul>\n<li>Aislamiento visible de las arrugas y los peque\u00f1os pliegues.<\/li>\n<li>Tono uniforme.<\/li>\n<li>Mejora de la porosidad de la piel.<\/li>\n<li>Aspecto m\u00e1s vital.<\/li>\n<li>Mejora de la elasticidad de la piel, brindando un aspecto m\u00e1s joven y firme.<\/li>\n<\/ul>\n<p>La sesi\u00f3n de IPL puede oscilar entre los 30 minutos a 1 hora.<\/p>\n<p>&nbsp;<\/p>\n<p>[\/et_pb_text][et_pb_social_media_follow link_shape=\u00bbrounded_rectangle\u00bb background_layout=\u00bblight\u00bb url_new_window=\u00bbon\u00bb follow_button=\u00bbon\u00bb border_radii=\u00bbon|3px|3px|3px|3px\u00bb][et_pb_social_media_follow_network social_network=\u00bbfacebook\u00bb url=\u00bbhttps:\/\/www.facebook.com\/kinesiologiaestetica.cl\u00bb bg_color=\u00bb#3b5998&#8243;]Facebook[\/et_pb_social_media_follow_network][\/et_pb_social_media_follow][\/et_pb_column][\/et_pb_row][\/et_pb_section][et_pb_section bb_built=\u00bb1&#8243; admin_label=\u00bbsection\u00bb fullwidth=\u00bboff\u00bb specialty=\u00bboff\u00bb transparent_background=\u00bboff\u00bb background_color=\u00bb#b5b5b5&#8243; allow_player_pause=\u00bboff\u00bb inner_shadow=\u00bbon\u00bb parallax=\u00bbon\u00bb parallax_method=\u00bboff\u00bb background_image=\u00bbhttp:\/\/www.kinesiologiaestetica.cl\/web\/wp-content\/uploads\/2015\/04\/presoxx.jpg\u00bb padding_mobile=\u00bboff\u00bb make_fullwidth=\u00bboff\u00bb use_custom_width=\u00bboff\u00bb width_unit=\u00bbon\u00bb make_equal=\u00bboff\u00bb use_custom_gutter=\u00bboff\u00bb custom_padding_tablet=\u00bb50px|0|50px|0&#8243; custom_padding_last_edited=\u00bbon|desktop\u00bb next_background_color=\u00bb#b5b5b5&#8243; global_module=\u00bb1861&#8243;][et_pb_row admin_label=\u00bbrow\u00bb background_position=\u00bbtop_left\u00bb background_repeat=\u00bbrepeat\u00bb background_size=\u00bbinitial\u00bb][et_pb_column type=\u00bb1_4&#8243;][et_pb_circle_counter title=\u00bbDe nuestros pacientes nos recomiendan\u00bb number=\u00bb98&#8243; percent_sign=\u00bbon\u00bb background_layout=\u00bblight\u00bb bar_bg_color=\u00bb#7EBEC5&#8243;]<\/p>\n<p>[\/et_pb_circle_counter][\/et_pb_column][et_pb_column type=\u00bb1_4&#8243;][et_pb_circle_counter title=\u00bbSatisfacci\u00f3n de nuestros Pacientes\u00bb number=\u00bb96&#8243; percent_sign=\u00bbon\u00bb background_layout=\u00bblight\u00bb bar_bg_color=\u00bb#7EBEC5&#8243;]<\/p>\n<p>[\/et_pb_circle_counter][\/et_pb_column][et_pb_column type=\u00bb1_4&#8243;][et_pb_circle_counter title=\u00bbSeguridad en los Procedimientos\u00bb number=\u00bb100&#8243; percent_sign=\u00bbon\u00bb background_layout=\u00bblight\u00bb bar_bg_color=\u00bb#7EBEC5&#8243;]<\/p>\n<p>[\/et_pb_circle_counter][\/et_pb_column][et_pb_column type=\u00bb1_4&#8243;][et_pb_circle_counter title=\u00bbDe nuestros pacientes vuelven\u00bb number=\u00bb95&#8243; percent_sign=\u00bbon\u00bb background_layout=\u00bblight\u00bb bar_bg_color=\u00bb#7EBEC5&#8243;]<\/p>\n<p>[\/et_pb_circle_counter][\/et_pb_column][\/et_pb_row][et_pb_row admin_label=\u00bbrow\u00bb background_position=\u00bbtop_left\u00bb background_repeat=\u00bbrepeat\u00bb background_size=\u00bbinitial\u00bb][et_pb_column type=\u00bb4_4&#8243;][et_pb_text background_layout=\u00bblight\u00bb text_orientation=\u00bbleft\u00bb use_border_color=\u00bboff\u00bb border_color=\u00bb#ffffff\u00bb border_style=\u00bbsolid\u00bb background_position=\u00bbtop_left\u00bb background_repeat=\u00bbrepeat\u00bb background_size=\u00bbinitial\u00bb _builder_version=\u00bb3.20.1&#8243;]<\/p>\n<h2 style=\"text-align: center;\">Si deseas agendar una hora de evaluaci\u00f3n GRATIS, no dudes en llamarnos a nuestros fonos o env\u00edanos tus datos llenando el formulario de contacto.<\/h2>\n<p>[\/et_pb_text][et_pb_text admin_label=\u00bbFormulario contacto\u00bb background_layout=\u00bblight\u00bb text_orientation=\u00bbleft\u00bb use_border_color=\u00bboff\u00bb border_color=\u00bb#ffffff\u00bb border_style=\u00bbsolid\u00bb background_position=\u00bbtop_left\u00bb background_repeat=\u00bbrepeat\u00bb background_size=\u00bbinitial\u00bb]<\/p>\n<h3>Para pagos con transferencia electr\u00f3nica:<br \/>Nombre: KTRES EIRL<br \/>RUT: 76.130.829-7<br \/>Banco de cr\u00e9dito e inversiones (BCI)<br \/>Cuenta corriente n\u00famero 86551230<br \/>Mail: contacto@kinesiologiaestetica.cl<\/h3>\n<h3>Y luego cont\u00e1ctate con la sucursal donde deseas hacerte el tratamiento.<\/h3>\n<h1 style=\"text-align: center;\">Solicita una evaluaci\u00f3n \u00a1GRATIS!<br \/>(V\u00e1lido para evaluaciones est\u00e9ticas y kin\u00e9sicas)<\/h1>\n\n<div class=\"wpcf7 no-js\" id=\"wpcf7-f93-o1\" lang=\"en-US\" dir=\"ltr\" data-wpcf7-id=\"93\">\n<div class=\"screen-reader-response\"><p role=\"status\" aria-live=\"polite\" aria-atomic=\"true\"><\/p> <ul><\/ul><\/div>\n<form action=\"\/web\/wp-json\/wp\/v2\/pages\/391#wpcf7-f93-o1\" method=\"post\" class=\"wpcf7-form init f26ccef50a59 cmatic-conn cmatic-aud-5 cmatic-mapd0-0 cmatic-v0976 cmatic-sent-0 cmatic-total-0\" aria-label=\"Contact form\" novalidate=\"novalidate\" data-status=\"init\">\n<fieldset class=\"hidden-fields-container\"><input type=\"hidden\" name=\"_wpcf7\" value=\"93\" \/><input type=\"hidden\" name=\"_wpcf7_version\" value=\"6.1.5\" \/><input type=\"hidden\" name=\"_wpcf7_locale\" value=\"en_US\" \/><input type=\"hidden\" name=\"_wpcf7_unit_tag\" value=\"wpcf7-f93-o1\" \/><input type=\"hidden\" name=\"_wpcf7_container_post\" value=\"0\" \/><input type=\"hidden\" name=\"_wpcf7_posted_data_hash\" value=\"\" \/><input type=\"hidden\" name=\"_wpcf7_recaptcha_response\" value=\"\" \/>\n<\/fieldset>\n<center>\n\t<h2>Formulario de Contacto\n\t<\/h2>\n<\/center>\n<p><span class=\"wpcf7-form-control-wrap\" data-name=\"your-name\"><input size=\"40\" maxlength=\"400\" class=\"wpcf7-form-control wpcf7-text wpcf7-validates-as-required\" aria-required=\"true\" aria-invalid=\"false\" placeholder=\"Nombre (Requerido)\" value=\"\" type=\"text\" name=\"your-name\" \/><\/span>\n<\/p>\n<p><span class=\"wpcf7-form-control-wrap\" data-name=\"your-email\"><input size=\"40\" maxlength=\"400\" class=\"wpcf7-form-control wpcf7-email wpcf7-validates-as-required wpcf7-text wpcf7-validates-as-email\" aria-required=\"true\" aria-invalid=\"false\" placeholder=\"E-mail (Requerido)\" value=\"\" type=\"email\" name=\"your-email\" \/><\/span>\n<\/p>\n<p><span class=\"wpcf7-form-control-wrap\" data-name=\"telefono\"><input size=\"40\" maxlength=\"400\" class=\"wpcf7-form-control wpcf7-tel wpcf7-validates-as-required wpcf7-text wpcf7-validates-as-tel\" aria-required=\"true\" aria-invalid=\"false\" placeholder=\"Tel\u00e9fono (Requerido)\" value=\"\" type=\"tel\" name=\"telefono\" \/><\/span>\n<\/p>\n<p>\u00bfQu\u00e9 tratamiento le interesa?\n<\/p>\n<p><span class=\"wpcf7-form-control-wrap\" data-name=\"your-subject\"><input size=\"40\" maxlength=\"400\" class=\"wpcf7-form-control wpcf7-text\" aria-invalid=\"false\" placeholder=\"Ej: Depilaci\u00f3n L\u00e1ser\" value=\"\" type=\"text\" name=\"your-subject\" \/><\/span>\n<\/p>\n<p>Sucursal\n<\/p>\n<p><span class=\"wpcf7-form-control-wrap\" data-name=\"recipient\"><select class=\"wpcf7-form-control wpcf7-select wpcf7-validates-as-required\" aria-required=\"true\" aria-invalid=\"false\" name=\"recipient\"><option value=\"Calama\">Calama<\/option><option value=\"Antofagasta\">Antofagasta<\/option><option value=\"Copiap\u00f3\">Copiap\u00f3<\/option><option value=\"La Serena\">La Serena<\/option><option value=\"Santiago-Pe\u00f1alolen\">Santiago-Pe\u00f1alolen<\/option><option value=\"Santiago-Providencia\">Santiago-Providencia<\/option><option value=\"Vi\u00f1a del Mar\">Vi\u00f1a del Mar<\/option><option value=\"Concepci\u00f3n\">Concepci\u00f3n<\/option><option value=\"Puerto Varas\">Puerto Varas<\/option><\/select><\/span>\n<\/p>\n<p>\u00bfQuieres recibir una video llamada?<span class=\"wpcf7-form-control-wrap\" data-name=\"videollamada\"><span class=\"wpcf7-form-control wpcf7-checkbox wpcf7-validates-as-required wpcf7-exclusive-checkbox\"><span class=\"wpcf7-list-item first\"><input type=\"checkbox\" name=\"videollamada\" value=\"Si\" \/><span class=\"wpcf7-list-item-label\">Si<\/span><\/span><span class=\"wpcf7-list-item last\"><input type=\"checkbox\" name=\"videollamada\" value=\"No\" \/><span class=\"wpcf7-list-item-label\">No<\/span><\/span><\/span><\/span>\n<\/p>\n<p><span class=\"wpcf7-form-control-wrap\" data-name=\"your-message\"><textarea cols=\"40\" rows=\"10\" maxlength=\"2000\" class=\"wpcf7-form-control wpcf7-textarea\" aria-invalid=\"false\" placeholder=\"Mensaje\" name=\"your-message\"><\/textarea><\/span>\n<\/p>\n\n<center>\n\t<p><input class=\"wpcf7-form-control wpcf7-submit has-spinner\" type=\"submit\" value=\"Enviar\" \/>\n\t<\/p>\n<\/center><div class=\"wpcf7-response-output\" aria-hidden=\"true\"><\/div>\n<\/form>\n<\/div>\n\n<p>[\/et_pb_text][\/et_pb_column][\/et_pb_row][\/et_pb_section]<\/p>\n","protected":false},"excerpt":{"rendered":"<p><div class=\"et_pb_row et_pb_row_0 et_pb_row_empty\">\n\t\t\t\t\n\t\t\t\t\n\t\t\t\t\n\t\t\t\t\n\t\t\t\t\n\t\t\t<\/div> Los tratamientos con luz intensa pulsada son la mejor alternativa para quitar manchas tambi\u00e9n m\u00e9dicamente llamadas \u00abmelasmas\u00bb de la piel. Con respecto a otros tratamientos este no es ablativo, por lo tanto es muy seguro y con resultados espectaculares en muy poco tiempo. Este elimina las manchas de la piel y mejorar la apariencia [&hellip;]<\/p>\n","protected":false},"author":3,"featured_media":0,"parent":0,"menu_order":0,"comment_status":"open","ping_status":"open","template":"","meta":{"_et_pb_use_builder":"on","_et_pb_old_content":"<div class=\"entry\"><p>Los tratamientos con luz intensa pulsada son la mejor alternativa para quitar manchas tambi\u00e9n m\u00e9dicamente llamadas \"melasmas\" de la piel.<\/p><p>Con respecto a otros tratamientos este no es ablativo, por lo tanto es muy seguro y con resultados espectaculares en muy poco tiempo. Este elimina las manchas de la piel y mejorar la apariencia causadas por el foto envejecimiento.<\/p><p>Esta tecnolog\u00eda de luz intensa pulsada IPL penetra en la dermis en forma de luz concentrando su calor en las zonas pigmentadas fragmentando la melanina causante de las manchas de la piel, estimulando la organizaci\u00f3n y formaci\u00f3n de nuevas fibras de col\u00e1geno.<\/p><\/div><h4 class=\"clr\"><span style=\"color: #3366ff;\">\u00a0\u00bfQu\u00e9 tipo de manchas puedo eliminar con Luz Pulsada Intensa?<\/span><\/h4><p>Solamente se puede quitar la pigmentaci\u00f3n benigna de tu piel como pecas, manchas debidas a la exposici\u00f3n solar y a la edad, ros\u00e1cea y las marcas del acn\u00e9 (no lunares).<\/p><h4><span style=\"color: #3366ff;\">\u00bfC\u00f3mo debo venir para la primera sesi\u00f3n de Luz Pulsada (IPL)?<\/span><\/h4><p>Para foto rejuvenecimiento debe venir con la piel limpia sin cremas.<\/p><h4><span style=\"color: #3366ff;\">\u00bfCu\u00e1l es la frecuencia con la que debo realizar el tratamiento?<\/span><\/h4><p>En estudios controlados se vio que el mejor resultado final se alcanzaba, cuando el paciente concurr\u00eda a intervalos regulares de tiempo por lo que se recomienda 1 vez cada 7 d\u00edas. En general se recomiendan de 6 a 8 sesiones depediendo del tipo, cantidad y evoluci\u00f3n de la mancha. Por eso es fundamental realizarse una evaluaci\u00f3n.<\/p><h4><span style=\"color: #3366ff;\">\u00bfQu\u00e9 cuidados debo tener con la piel despu\u00e9s del tratamiento<\/span><\/h4><p>Usar protector solar durante 7 - 15 d\u00edas.<\/p><p>Evitar concurrir a la playa los cinco primeros d\u00edas despu\u00e9s del tratamiento.<\/p><h4><span style=\"color: #3366ff;\">Todas las personas pueden hacerse el tratamiento con Luz intensa Pulsada IPL?<\/span><\/h4><p>Por ejemplo, si el paciente est\u00e1 tomando o tom\u00f3, isotretinoina o acitetrina o vitamina A en altas dosis, debe esperar 6 meses para realizar el tratamiento con fototerapia, si se coloca cremas con \u00e1cido glic\u00f3lico o retinoico, debe esperar 1 d\u00eda, y despu\u00e9s del tratamiento, puede volver a usarlas a las 72 horas.<\/p><h4><span style=\"color: #3366ff;\">A partir de cualquier edad<\/span><\/h4><p>A partir de 14 \u00a0a\u00f1os ya que tiene que dejarse los anteojos protectores puestos.<\/p><h4><span style=\"color: #3366ff;\">Y las embarazadas?<\/span><\/h4><p>Las embarazadas no pueden hacerse el tratamiento IPL, las reglamentaciones m\u00e9dicas internacionales nos informan que las embarazadas no deben recibir ning\u00fan tipo de medicaci\u00f3n o procedimiento m\u00e9dico que no sea imprescindible para su salud o la de su bebe.<\/p><h4>Tratamientos IPL para:<\/h4><ul><li>Rejuvenecimiento facial.<\/li><li>Despigmentaci\u00f3n facial.<\/li><li>Rejuvenecimiento en manos.<\/li><li>Despigmentaci\u00f3n de manos.<\/li><li>Disminuci\u00f3n de doble ment\u00f3n.<\/li><li>Despigmentaci\u00f3n o rejuvenecimiento de: cara, espalda, escote, brazos, manos y piernas.<\/li><\/ul><p>\u00a0<\/p><h4>Resultados.<\/h4><p>Dependiendo del tipo de piel y los cuidados y h\u00e1bitos de vida, estos resultados podr\u00e1n ser m\u00e1s o menos espectaculares. Lo importante, es que el tratamiento laser proporciona resultados desde la primera sesi\u00f3n.<\/p><p>Otro efecto que suele ser inmediato es el aumento de la luminosidad de la piel, dando una imagen vital y m\u00e1s joven a la vez que unifica el tono y la hace m\u00e1s tersa.<\/p><p>En general los resultados que podemos esperar son los siguientes:<\/p><ul><li>Aislamiento visible de las arrugas y los peque\u00f1os pliegues.<\/li><li>Tono uniforme.<\/li><li>Mejora de la porosidad de la piel.<\/li><li>Aspecto m\u00e1s vital.<\/li><li>Mejora de la elasticidad de la piel, brindando un aspecto m\u00e1s joven y firme.<\/li><\/ul><p>La sesi\u00f3n de IPL puede oscilar entre los 30 minutos a 1 hora.<\/p><p>\u00a0<\/p>","_et_gb_content_width":"","footnotes":""},"class_list":["post-391","page","type-page","status-publish","hentry"],"_links":{"self":[{"href":"https:\/\/www.kinesiologiaestetica.cl\/web\/wp-json\/wp\/v2\/pages\/391","targetHints":{"allow":["GET"]}}],"collection":[{"href":"https:\/\/www.kinesiologiaestetica.cl\/web\/wp-json\/wp\/v2\/pages"}],"about":[{"href":"https:\/\/www.kinesiologiaestetica.cl\/web\/wp-json\/wp\/v2\/types\/page"}],"author":[{"embeddable":true,"href":"https:\/\/www.kinesiologiaestetica.cl\/web\/wp-json\/wp\/v2\/users\/3"}],"replies":[{"embeddable":true,"href":"https:\/\/www.kinesiologiaestetica.cl\/web\/wp-json\/wp\/v2\/comments?post=391"}],"version-history":[{"count":6,"href":"https:\/\/www.kinesiologiaestetica.cl\/web\/wp-json\/wp\/v2\/pages\/391\/revisions"}],"predecessor-version":[{"id":46127,"href":"https:\/\/www.kinesiologiaestetica.cl\/web\/wp-json\/wp\/v2\/pages\/391\/revisions\/46127"}],"wp:attachment":[{"href":"https:\/\/www.kinesiologiaestetica.cl\/web\/wp-json\/wp\/v2\/media?parent=391"}],"curies":[{"name":"wp","href":"https:\/\/api.w.org\/{rel}","templated":true}]}}