{"id":66930,"date":"2024-07-26T09:48:38","date_gmt":"2024-07-26T13:48:38","guid":{"rendered":"https:\/\/www.kinesiologiaestetica.cl\/web\/?page_id=66930"},"modified":"2024-07-26T10:15:22","modified_gmt":"2024-07-26T14:15:22","slug":"tratamiento-de-bruxismo-con-botox","status":"publish","type":"page","link":"https:\/\/www.kinesiologiaestetica.cl\/web\/tratamiento-de-bruxismo-con-botox\/","title":{"rendered":"Tratamiento de Bruxismo con B\u00f3tox"},"content":{"rendered":"<p>[et_pb_section fb_built=\u00bb1&#8243; _builder_version=\u00bb4.17.6&#8243; _module_preset=\u00bbdefault\u00bb background_image=\u00bbhttps:\/\/www.kinesiologiaestetica.cl\/web\/wp-content\/uploads\/2024\/07\/bruxismo2.jpg\u00bb custom_padding=\u00bb250px||172px|||\u00bb da_disable_devices=\u00bboff|off|off\u00bb locked=\u00bboff\u00bb global_colors_info=\u00bb{}\u00bb da_is_popup=\u00bboff\u00bb da_exit_intent=\u00bboff\u00bb da_has_close=\u00bbon\u00bb da_alt_close=\u00bboff\u00bb da_dark_close=\u00bboff\u00bb da_not_modal=\u00bbon\u00bb da_is_singular=\u00bboff\u00bb da_with_loader=\u00bboff\u00bb da_has_shadow=\u00bbon\u00bb][et_pb_row _builder_version=\u00bb4.17.6&#8243; _module_preset=\u00bbdefault\u00bb background_color=\u00bbrgba(0,0,0,0.15)\u00bb border_radii=\u00bbon|14px|14px|14px|14px\u00bb global_colors_info=\u00bb{}\u00bb][et_pb_column type=\u00bb4_4&#8243; _builder_version=\u00bb4.17.6&#8243; _module_preset=\u00bbdefault\u00bb global_colors_info=\u00bb{}\u00bb][et_pb_text _builder_version=\u00bb4.17.6&#8243; _module_preset=\u00bbdefault\u00bb header_text_color=\u00bb#FFFFFF\u00bb custom_padding=\u00bb8px|||||\u00bb header_text_shadow_style=\u00bbpreset4&#8243; global_colors_info=\u00bb{}\u00bb]<\/p>\n<h1 style=\"text-align: center;\">Tratamiento de Bruxismo con B\u00f3tox<\/h1>\n<p>[\/et_pb_text][et_pb_button button_url=\u00bb#evaluacion\u00bb button_text=\u00bbAgenda tu evaluaci\u00f3n GRATIS!\u00bb button_alignment=\u00bbcenter\u00bb _builder_version=\u00bb4.17.6&#8243; _module_preset=\u00bbdefault\u00bb custom_button=\u00bbon\u00bb button_text_color=\u00bb#8300E9&#8243; button_bg_color=\u00bb#FFFFFF\u00bb background_layout=\u00bbdark\u00bb box_shadow_style=\u00bbpreset1&#8243; global_colors_info=\u00bb{}\u00bb][\/et_pb_button][\/et_pb_column][\/et_pb_row][\/et_pb_section][et_pb_section fb_built=\u00bb1&#8243; _builder_version=\u00bb4.17.6&#8243; _module_preset=\u00bbdefault\u00bb custom_padding=\u00bb19px||0px|||\u00bb da_disable_devices=\u00bboff|off|off\u00bb locked=\u00bboff\u00bb global_colors_info=\u00bb{}\u00bb da_is_popup=\u00bboff\u00bb da_exit_intent=\u00bboff\u00bb da_has_close=\u00bbon\u00bb da_alt_close=\u00bboff\u00bb da_dark_close=\u00bboff\u00bb da_not_modal=\u00bbon\u00bb da_is_singular=\u00bboff\u00bb da_with_loader=\u00bboff\u00bb da_has_shadow=\u00bbon\u00bb][et_pb_row _builder_version=\u00bb4.17.6&#8243; _module_preset=\u00bbdefault\u00bb custom_padding=\u00bb13px|||||\u00bb global_colors_info=\u00bb{}\u00bb][et_pb_column type=\u00bb4_4&#8243; _builder_version=\u00bb4.17.6&#8243; _module_preset=\u00bbdefault\u00bb global_colors_info=\u00bb{}\u00bb][et_pb_code _builder_version=\u00bb4.17.6&#8243; _module_preset=\u00bbdefault\u00bb global_colors_info=\u00bb{}\u00bb]<iframe loading=\"lazy\" width=\"560\" height=\"315\" src=\"https:\/\/www.youtube.com\/embed\/MIbzvUM89fc?si=JKPH2V2Od1BAR4Uv\" title=\"YouTube video player\" frameborder=\"0\" allow=\"accelerometer; autoplay; clipboard-write; encrypted-media; gyroscope; picture-in-picture; web-share\" referrerpolicy=\"strict-origin-when-cross-origin\" allowfullscreen><\/iframe>[\/et_pb_code][\/et_pb_column][\/et_pb_row][et_pb_row column_structure=\u00bb2_5,3_5&#8243; _builder_version=\u00bb4.17.6&#8243; _module_preset=\u00bbdefault\u00bb custom_margin=\u00bb-32px|auto||auto||\u00bb global_colors_info=\u00bb{}\u00bb][et_pb_column type=\u00bb2_5&#8243; _builder_version=\u00bb4.17.6&#8243; _module_preset=\u00bbdefault\u00bb global_colors_info=\u00bb{}\u00bb][et_pb_image src=\u00bbhttps:\/\/www.kinesiologiaestetica.cl\/web\/wp-content\/uploads\/2024\/07\/botox-bruxismo-botox-bruxismo-precio.jpg\u00bb title_text=\u00bbbotox-bruxismo-botox-bruxismo-precio\u00bb align=\u00bbcenter\u00bb _builder_version=\u00bb4.17.6&#8243; _module_preset=\u00bbdefault\u00bb width=\u00bb80%\u00bb border_radii=\u00bbon|15px|15px|15px|15px\u00bb global_colors_info=\u00bb{}\u00bb][\/et_pb_image][\/et_pb_column][et_pb_column type=\u00bb3_5&#8243; _builder_version=\u00bb4.17.6&#8243; _module_preset=\u00bbdefault\u00bb global_colors_info=\u00bb{}\u00bb][et_pb_text _builder_version=\u00bb4.17.6&#8243; _module_preset=\u00bbdefault\u00bb text_font=\u00bbVerdana||||||||\u00bb text_text_color=\u00bb#000000&#8243; header_3_text_color=\u00bb#0C71C3&#8243; global_colors_info=\u00bb{}\u00bb]<\/p>\n<p>\u00bfSufres de dolor de mand\u00edbula, dolores de cabeza o desgaste dental? Esto generalmente es debido a que aprietas o rechinas los dientes durante la noche o incluso durante el d\u00eda. Esto es llamado m\u00e9dicamente como Bruxismo pudiendo afectar seriamente tu calidad de vida y tu salud bucal, pero en KinesiologiaEstetica.cl tenemos la soluci\u00f3n perfecta.<\/p>\n<h3>\u00bfQu\u00e9 es el Bruxismo?<\/h3>\n<p>El Bruxismo es el h\u00e1bito involuntario e inconsciente\u00a0de apretar o rechinar los dientes. Hasta hace un tiempo no tenia soluci\u00f3n m\u00e1s que usar placas de silicona, pero esto solo ayuda un poco a prevenir da\u00f1o bucal, pero no ayuda con los dolores de cabeza ni dolores mandibulares.<\/p>\n<h3>Nuestra Soluci\u00f3n: Tratamiento con B\u00f3tox<\/h3>\n<p>En KinesiologiaEstetica.cl , ofrecemos un tratamiento innovador, seguro y efectivo para el bruxismo utilizando Botox. El Botox relaja los m\u00fasculos de la mand\u00edbula, reduciendo el apretamiento y rechinamiento de los dientes y aliviando el dolor asociado.<\/p>\n<p>[\/et_pb_text][\/et_pb_column][\/et_pb_row][et_pb_row column_structure=\u00bb3_5,2_5&#8243; _builder_version=\u00bb4.17.6&#8243; _module_preset=\u00bbdefault\u00bb global_colors_info=\u00bb{}\u00bb][et_pb_column type=\u00bb3_5&#8243; _builder_version=\u00bb4.17.6&#8243; _module_preset=\u00bbdefault\u00bb global_colors_info=\u00bb{}\u00bb][et_pb_text _builder_version=\u00bb4.17.6&#8243; _module_preset=\u00bbdefault\u00bb text_font=\u00bbVerdana||||||||\u00bb text_text_color=\u00bb#000000&#8243; header_3_text_color=\u00bb#0C71C3&#8243; global_colors_info=\u00bb{}\u00bb]<\/p>\n<div class=\"et_pb_module et_pb_text et_pb_text_2  et_pb_text_align_left et_pb_bg_layout_light\">\n<div class=\"et_pb_text_inner\">\n<h3>Beneficios del Tratamiento con B\u00f3tox:<\/h3>\n<\/div>\n<\/div>\n<div class=\"et_pb_module et_pb_text et_pb_text_3  et_pb_text_align_left et_pb_bg_layout_light\">\n<div class=\"et_pb_text_inner\">\n<p>&nbsp;<\/p>\n<ul>\n<li><strong>Reducci\u00f3n del dolor<\/strong>: Alivia la tensi\u00f3n en la mand\u00edbula y los dolores de cabeza.<\/li>\n<li><strong>Protecci\u00f3n dental<\/strong>: Evita trizaduras y el desgaste excesivo de los dientes.<\/li>\n<li><strong>Procedimiento seguro, r\u00e1pido e indoloro<\/strong>: Realizado por nuestros especialistas certificados. La sesi\u00f3n incluyendo la evaluaci\u00f3n y aplicaci\u00f3n dura entre 30 a 60 minutos como m\u00e1ximo. Al momento de aplicar no duele.<\/li>\n<li><strong>Resultados<\/strong>: Mejora significativa en tu calidad de vida.<\/li>\n<li><strong>Ambulatorio<\/strong>: Procedimiento simple que no requiere reposo ni tiempo de recuperaci\u00f3n.<\/li>\n<li><strong>Mejor descanso nocturno<\/strong>: Disfruta de un sue\u00f1o reparador sin interrupciones.<\/li>\n<\/ul>\n<h3>\u00bfPor Qu\u00e9 Elegir Balance Med Spa?<\/h3>\n<ul>\n<li>\n<ul>\n<li><strong>Profesionales de la salud certificados<\/strong>: Nuestro equipo est\u00e1 altamente capacitado y certificado para garantizar un procedimiento seguro y adaptado a tus necesidades individuales.<\/li>\n<li><strong>Tecnolog\u00eda de vanguardia<\/strong>: Utilizamos las t\u00e9cnicas m\u00e1s avanzadas y seguras para asegurar los mejores resultados.<\/li>\n<li><strong>Atenci\u00f3n personalizada<\/strong>: Nos dedicamos a brindarte una atenci\u00f3n de calidad, comprendiendo tus necesidades espec\u00edficas y proporcionando soluciones efectivas.<\/li>\n<li><strong>Ambiente acogedor<\/strong>: Nuestras instalaciones est\u00e1n dise\u00f1adas para ofrecerte una experiencia c\u00f3moda y relajante.<\/li>\n<\/ul>\n<\/li>\n<\/ul>\n<\/div>\n<\/div>\n<p>[\/et_pb_text][\/et_pb_column][et_pb_column type=\u00bb2_5&#8243; _builder_version=\u00bb4.17.6&#8243; _module_preset=\u00bbdefault\u00bb global_colors_info=\u00bb{}\u00bb][et_pb_image src=\u00bbhttps:\/\/www.kinesiologiaestetica.cl\/web\/wp-content\/uploads\/2024\/07\/ab7d068bf1520b9c12d5df0243c597d3.webp\u00bb title_text=\u00bbab7d068bf1520b9c12d5df0243c597d3&#8243; align=\u00bbcenter\u00bb _builder_version=\u00bb4.17.6&#8243; _module_preset=\u00bbdefault\u00bb width=\u00bb80%\u00bb border_radii=\u00bbon|30px|30px|30px|30px\u00bb global_colors_info=\u00bb{}\u00bb][\/et_pb_image][et_pb_image src=\u00bbhttps:\/\/www.kinesiologiaestetica.cl\/web\/wp-content\/uploads\/2024\/07\/botox-para-bruxismo.jpg\u00bb title_text=\u00bbbotox-para-bruxismo\u00bb align=\u00bbcenter\u00bb _builder_version=\u00bb4.17.6&#8243; _module_preset=\u00bbdefault\u00bb width=\u00bb80%\u00bb border_radii=\u00bbon|15px|15px|15px|15px\u00bb global_colors_info=\u00bb{}\u00bb][\/et_pb_image][\/et_pb_column][\/et_pb_row][\/et_pb_section]<\/p>\n","protected":false},"excerpt":{"rendered":"<p>Tratamiento de Bruxismo con B\u00f3tox\u00bfSufres de dolor de mand\u00edbula, dolores de cabeza o desgaste dental? Esto generalmente es debido a que aprietas o rechinas los dientes durante la noche o incluso durante el d\u00eda. Esto es llamado m\u00e9dicamente como Bruxismo pudiendo afectar seriamente tu calidad de vida y tu salud bucal, pero en KinesiologiaEstetica.cl tenemos [&hellip;]<\/p>\n","protected":false},"author":1,"featured_media":0,"parent":0,"menu_order":0,"comment_status":"closed","ping_status":"closed","template":"","meta":{"_et_pb_use_builder":"on","_et_pb_old_content":"","_et_gb_content_width":"","footnotes":""},"class_list":["post-66930","page","type-page","status-publish","hentry"],"_links":{"self":[{"href":"https:\/\/www.kinesiologiaestetica.cl\/web\/wp-json\/wp\/v2\/pages\/66930","targetHints":{"allow":["GET"]}}],"collection":[{"href":"https:\/\/www.kinesiologiaestetica.cl\/web\/wp-json\/wp\/v2\/pages"}],"about":[{"href":"https:\/\/www.kinesiologiaestetica.cl\/web\/wp-json\/wp\/v2\/types\/page"}],"author":[{"embeddable":true,"href":"https:\/\/www.kinesiologiaestetica.cl\/web\/wp-json\/wp\/v2\/users\/1"}],"replies":[{"embeddable":true,"href":"https:\/\/www.kinesiologiaestetica.cl\/web\/wp-json\/wp\/v2\/comments?post=66930"}],"version-history":[{"count":7,"href":"https:\/\/www.kinesiologiaestetica.cl\/web\/wp-json\/wp\/v2\/pages\/66930\/revisions"}],"predecessor-version":[{"id":66948,"href":"https:\/\/www.kinesiologiaestetica.cl\/web\/wp-json\/wp\/v2\/pages\/66930\/revisions\/66948"}],"wp:attachment":[{"href":"https:\/\/www.kinesiologiaestetica.cl\/web\/wp-json\/wp\/v2\/media?parent=66930"}],"curies":[{"name":"wp","href":"https:\/\/api.w.org\/{rel}","templated":true}]}}